{"id":30344,"date":"2019-09-16T23:44:49","date_gmt":"2019-09-16T21:44:49","guid":{"rendered":"https:\/\/progena.ch\/world-duchenne-organization\/"},"modified":"2022-12-20T16:25:52","modified_gmt":"2022-12-20T15:25:52","slug":"world-duchenne-organisation","status":"publish","type":"page","link":"https:\/\/progena.ch\/fr\/world-duchenne-organisation\/","title":{"rendered":"World Duchenne Organisation"},"content":{"rendered":"<p>[et_pb_section fb_built=\u00a0\u00bb1&Prime; _builder_version=\u00a0\u00bb3.27&Prime; fb_built=\u00a0\u00bb1&Prime; _i=\u00a0\u00bb0&Prime; _address=\u00a0\u00bb0&Prime;][et_pb_row column_structure=\u00a0\u00bb2_3,1_3&Prime; admin_label=\u00a0\u00bbLigne\u00a0\u00bb _builder_version=\u00a0\u00bb3.27&Prime; make_fullwidth=\u00a0\u00bboff\u00a0\u00bb use_custom_width=\u00a0\u00bboff\u00a0\u00bb width_unit=\u00a0\u00bboff\u00a0\u00bb custom_width_px=\u00a0\u00bb1080px\u00a0\u00bb custom_width_percent=\u00a0\u00bb80%\u00a0\u00bb _i=\u00a0\u00bb0&Prime; _address=\u00a0\u00bb0.0&Prime;][et_pb_column type=\u00a0\u00bb2_3&Prime; _builder_version=\u00a0\u00bb3.25&Prime; custom_padding=\u00a0\u00bb|||\u00a0\u00bb _i=\u00a0\u00bb0&Prime; _address=\u00a0\u00bb0.0.0&Prime; custom_padding__hover=\u00a0\u00bb|||\u00a0\u00bb][et_pb_text _builder_version=\u00a0\u00bb3.27.4&Prime; text_orientation=\u00a0\u00bbcenter\u00a0\u00bb text_text_align=\u00a0\u00bbcenter\u00a0\u00bb _i=\u00a0\u00bb0&Prime; _address=\u00a0\u00bb0.0.0.0&Prime;]<\/p>\n<h1 style=\"text-align: left;\">Organisation mondiale Duchenne<\/h1>\n<p>[\/et_pb_text][et_pb_image src=\u00a0\u00bbhttps:\/\/progena.ch\/wp-content\/uploads\/2019\/09\/WDO_Meeting.jpg\u00a0\u00bb _builder_version=\u00a0\u00bb3.27.4&Prime; custom_margin=\u00a0\u00bb10px||5px|||\u00a0\u00bb _i=\u00a0\u00bb1&Prime; _address=\u00a0\u00bb0.0.0.1&Prime;][\/et_pb_image][et_pb_text _builder_version=\u00a0\u00bb3.27.4&Prime; text_orientation=\u00a0\u00bbright\u00a0\u00bb _i=\u00a0\u00bb2&Prime; _address=\u00a0\u00bb0.0.0.2&Prime;]<\/p>\n<h6>R\u00e9union de l&rsquo;OMD \u00e0 Rome, f\u00e9vrier 2019<\/h6>\n<p>[\/et_pb_text][et_pb_text _builder_version=\u00a0\u00bb3.27.4&Prime; _i=\u00a0\u00bb3&Prime; _address=\u00a0\u00bb0.0.0.3&Prime;]<\/p>\n<p>La dystrophie musculaire de Duchenne est une maladie rare. L&rsquo;\u00e9change international entre chercheurs, m\u00e9decins et associations de patients rev\u00eat une grande importance.<\/p>\n<p><a href=\"https:\/\/worldduchenne.org\" target=\"_blank\" rel=\"noopener\">World Duchenne Organisation<\/a>, WDO,\u00a0est une organisation mondiale dont le but est de trouver un rem\u00e8de contre la dystrophie musculaire de Duchenne et d&rsquo;\u00e9laborer et de mettre \u00e0 la disposition de tous les patients des normes de traitement en collaboration avec les m\u00e9decins.<\/p>\n<p>WDO estime que si les parents prennent leurs responsabilit\u00e9s et travaillent ensemble dans le monde, ils auront un impact plus important sur l&rsquo;avenir et la vie de leurs fils. WDO encourage et soutient les parents \u00e0 devenir actifs. Il est important que les besoins des familles soient au centre et qu&rsquo;ils soient le point de d\u00e9part des activit\u00e9s.<\/p>\n<p>WDO travaille avec des organisations de parents dans le monde entier pour am\u00e9liorer le traitement, la qualit\u00e9 de vie et les perspectives \u00e0 long terme pour toutes les personnes touch\u00e9es par Duchenne et Becker.<\/p>\n<p>WDO est une organisation \u00e0 but non lucratif bas\u00e9e aux Pays-Bas.<\/p>\n<h2>Promouvoir la recherche<\/h2>\n<p>World Duchenne Organisation se concentre sur les t\u00e2ches suivantes:<\/p>\n<ul>\n<li>Pr\u00e9parer et transmettre des informations sur la recherche, le d\u00e9veloppement de m\u00e9dicaments et les normes de traitement aux parents et aux m\u00e9decins.<\/li>\n<li>soutenir les pays o\u00f9 il y a peu d&rsquo;informations sur la dystrophie musculaire de Duchenne et faciliter l&rsquo;\u00e9change d&rsquo;informations sur la collecte de fonds et le lobbying entre les organisations membres.<\/li>\n<\/ul>\n<p>[\/et_pb_text][\/et_pb_column][et_pb_column type=\u00a0\u00bb1_3&Prime; _builder_version=\u00a0\u00bb3.25&Prime; custom_padding=\u00a0\u00bb|||\u00a0\u00bb _i=\u00a0\u00bb1&Prime; _address=\u00a0\u00bb0.0.1&Prime; custom_padding__hover=\u00a0\u00bb|||\u00a0\u00bb][et_pb_sidebar area=\u00a0\u00bbet_pb_widget_area_4&Prime; _builder_version=\u00a0\u00bb3.27.4&Prime; body_font=\u00a0\u00bb|||on|||||\u00a0\u00bb body_text_align=\u00a0\u00bbright\u00a0\u00bb body_font_size=\u00a0\u00bb14px\u00a0\u00bb body_letter_spacing=\u00a0\u00bb1px\u00a0\u00bb body_line_height=\u00a0\u00bb2em\u00a0\u00bb _i=\u00a0\u00bb0&Prime; _address=\u00a0\u00bb0.0.1.0&Prime;][\/et_pb_sidebar][\/et_pb_column][\/et_pb_row][\/et_pb_section]<\/p>\n","protected":false},"excerpt":{"rendered":"<p>[et_pb_section fb_built=\u00a0\u00bb1&Prime; _builder_version=\u00a0\u00bb3.27&Prime; fb_built=\u00a0\u00bb1&Prime; _i=\u00a0\u00bb0&Prime; _address=\u00a0\u00bb0&Prime;][et_pb_row column_structure=\u00a0\u00bb2_3,1_3&Prime; admin_label=\u00a0\u00bbLigne\u00a0\u00bb _builder_version=\u00a0\u00bb3.27&Prime; make_fullwidth=\u00a0\u00bboff\u00a0\u00bb use_custom_width=\u00a0\u00bboff\u00a0\u00bb width_unit=\u00a0\u00bboff\u00a0\u00bb custom_width_px=\u00a0\u00bb1080px\u00a0\u00bb custom_width_percent=\u00a0\u00bb80%\u00a0\u00bb _i=\u00a0\u00bb0&Prime; _address=\u00a0\u00bb0.0&Prime;][et_pb_column type=\u00a0\u00bb2_3&Prime; _builder_version=\u00a0\u00bb3.25&Prime; custom_padding=\u00a0\u00bb|||\u00a0\u00bb _i=\u00a0\u00bb0&Prime; _address=\u00a0\u00bb0.0.0&Prime; custom_padding__hover=\u00a0\u00bb|||\u00a0\u00bb][et_pb_text _builder_version=\u00a0\u00bb3.27.4&Prime; text_orientation=\u00a0\u00bbcenter\u00a0\u00bb text_text_align=\u00a0\u00bbcenter\u00a0\u00bb _i=\u00a0\u00bb0&Prime; _address=\u00a0\u00bb0.0.0.0&Prime;] Organisation mondiale Duchenne [\/et_pb_text][et_pb_image src=\u00a0\u00bbhttps:\/\/progena.ch\/wp-content\/uploads\/2019\/09\/WDO_Meeting.jpg\u00a0\u00bb _builder_version=\u00a0\u00bb3.27.4&Prime; custom_margin=\u00a0\u00bb10px||5px|||\u00a0\u00bb _i=\u00a0\u00bb1&Prime; _address=\u00a0\u00bb0.0.0.1&Prime;][\/et_pb_image][et_pb_text _builder_version=\u00a0\u00bb3.27.4&Prime; text_orientation=\u00a0\u00bbright\u00a0\u00bb _i=\u00a0\u00bb2&Prime; _address=\u00a0\u00bb0.0.0.2&Prime;] R\u00e9union de l&rsquo;OMD \u00e0 Rome, f\u00e9vrier 2019 [\/et_pb_text][et_pb_text _builder_version=\u00a0\u00bb3.27.4&Prime; _i=\u00a0\u00bb3&Prime; _address=\u00a0\u00bb0.0.0.3&Prime;] La dystrophie musculaire de [&hellip;]<\/p>\n","protected":false},"author":1,"featured_media":0,"parent":0,"menu_order":0,"comment_status":"closed","ping_status":"closed","template":"","meta":{"_et_pb_use_builder":"on","_et_pb_old_content":"","footnotes":""},"class_list":["post-30344","page","type-page","status-publish","hentry"],"yoast_head":"<!-- This site is optimized with the Yoast SEO plugin v24.3 - https:\/\/yoast.com\/wordpress\/plugins\/seo\/ -->\n<title>World Duchenne Organisation - Progena<\/title>\n<meta name=\"description\" content=\"Progena est membre de la World Duchenne Organisation qui promeut la recherche m\u00e9dicale pour la dystrophie musculaire de Duchenne.\" \/>\n<meta name=\"robots\" content=\"index, follow, max-snippet:-1, max-image-preview:large, max-video-preview:-1\" \/>\n<link rel=\"canonical\" href=\"https:\/\/progena.ch\/fr\/world-duchenne-organisation\/\" \/>\n<meta property=\"og:locale\" content=\"fr_FR\" \/>\n<meta property=\"og:type\" content=\"article\" \/>\n<meta property=\"og:title\" content=\"World Duchenne Organisation - Progena\" \/>\n<meta property=\"og:description\" content=\"Progena est membre de la World Duchenne Organisation qui promeut la recherche m\u00e9dicale pour la dystrophie musculaire de Duchenne.\" \/>\n<meta property=\"og:url\" content=\"https:\/\/progena.ch\/fr\/world-duchenne-organisation\/\" \/>\n<meta property=\"og:site_name\" content=\"Progena\" \/>\n<meta property=\"article:modified_time\" content=\"2022-12-20T15:25:52+00:00\" \/>\n<meta name=\"twitter:card\" content=\"summary_large_image\" \/>\n<meta name=\"twitter:label1\" content=\"Dur\u00e9e de lecture estim\u00e9e\" \/>\n\t<meta name=\"twitter:data1\" content=\"2 minutes\" \/>\n<script type=\"application\/ld+json\" class=\"yoast-schema-graph\">{\"@context\":\"https:\/\/schema.org\",\"@graph\":[{\"@type\":\"WebPage\",\"@id\":\"https:\/\/progena.ch\/fr\/world-duchenne-organisation\/\",\"url\":\"https:\/\/progena.ch\/fr\/world-duchenne-organisation\/\",\"name\":\"World Duchenne Organisation - Progena\",\"isPartOf\":{\"@id\":\"https:\/\/progena.ch\/#website\"},\"datePublished\":\"2019-09-16T21:44:49+00:00\",\"dateModified\":\"2022-12-20T15:25:52+00:00\",\"description\":\"Progena est membre de la World Duchenne Organisation qui promeut la recherche m\u00e9dicale pour la dystrophie musculaire de Duchenne.\",\"breadcrumb\":{\"@id\":\"https:\/\/progena.ch\/fr\/world-duchenne-organisation\/#breadcrumb\"},\"inLanguage\":\"fr-FR\",\"potentialAction\":[{\"@type\":\"ReadAction\",\"target\":[\"https:\/\/progena.ch\/fr\/world-duchenne-organisation\/\"]}]},{\"@type\":\"BreadcrumbList\",\"@id\":\"https:\/\/progena.ch\/fr\/world-duchenne-organisation\/#breadcrumb\",\"itemListElement\":[{\"@type\":\"ListItem\",\"position\":1,\"name\":\"Accueil\",\"item\":\"https:\/\/progena.ch\/fr\/\"},{\"@type\":\"ListItem\",\"position\":2,\"name\":\"World Duchenne Organisation\"}]},{\"@type\":\"WebSite\",\"@id\":\"https:\/\/progena.ch\/#website\",\"url\":\"https:\/\/progena.ch\/\",\"name\":\"Progena\",\"description\":\"Swiss Duchenne Foundation\",\"potentialAction\":[{\"@type\":\"SearchAction\",\"target\":{\"@type\":\"EntryPoint\",\"urlTemplate\":\"https:\/\/progena.ch\/?s={search_term_string}\"},\"query-input\":{\"@type\":\"PropertyValueSpecification\",\"valueRequired\":true,\"valueName\":\"search_term_string\"}}],\"inLanguage\":\"fr-FR\"}]}<\/script>\n<!-- \/ Yoast SEO plugin. -->","yoast_head_json":{"title":"World Duchenne Organisation - Progena","description":"Progena est membre de la World Duchenne Organisation qui promeut la recherche m\u00e9dicale pour la dystrophie musculaire de Duchenne.","robots":{"index":"index","follow":"follow","max-snippet":"max-snippet:-1","max-image-preview":"max-image-preview:large","max-video-preview":"max-video-preview:-1"},"canonical":"https:\/\/progena.ch\/fr\/world-duchenne-organisation\/","og_locale":"fr_FR","og_type":"article","og_title":"World Duchenne Organisation - Progena","og_description":"Progena est membre de la World Duchenne Organisation qui promeut la recherche m\u00e9dicale pour la dystrophie musculaire de Duchenne.","og_url":"https:\/\/progena.ch\/fr\/world-duchenne-organisation\/","og_site_name":"Progena","article_modified_time":"2022-12-20T15:25:52+00:00","twitter_card":"summary_large_image","twitter_misc":{"Dur\u00e9e de lecture estim\u00e9e":"2 minutes"},"schema":{"@context":"https:\/\/schema.org","@graph":[{"@type":"WebPage","@id":"https:\/\/progena.ch\/fr\/world-duchenne-organisation\/","url":"https:\/\/progena.ch\/fr\/world-duchenne-organisation\/","name":"World Duchenne Organisation - Progena","isPartOf":{"@id":"https:\/\/progena.ch\/#website"},"datePublished":"2019-09-16T21:44:49+00:00","dateModified":"2022-12-20T15:25:52+00:00","description":"Progena est membre de la World Duchenne Organisation qui promeut la recherche m\u00e9dicale pour la dystrophie musculaire de Duchenne.","breadcrumb":{"@id":"https:\/\/progena.ch\/fr\/world-duchenne-organisation\/#breadcrumb"},"inLanguage":"fr-FR","potentialAction":[{"@type":"ReadAction","target":["https:\/\/progena.ch\/fr\/world-duchenne-organisation\/"]}]},{"@type":"BreadcrumbList","@id":"https:\/\/progena.ch\/fr\/world-duchenne-organisation\/#breadcrumb","itemListElement":[{"@type":"ListItem","position":1,"name":"Accueil","item":"https:\/\/progena.ch\/fr\/"},{"@type":"ListItem","position":2,"name":"World Duchenne Organisation"}]},{"@type":"WebSite","@id":"https:\/\/progena.ch\/#website","url":"https:\/\/progena.ch\/","name":"Progena","description":"Swiss Duchenne Foundation","potentialAction":[{"@type":"SearchAction","target":{"@type":"EntryPoint","urlTemplate":"https:\/\/progena.ch\/?s={search_term_string}"},"query-input":{"@type":"PropertyValueSpecification","valueRequired":true,"valueName":"search_term_string"}}],"inLanguage":"fr-FR"}]}},"_links":{"self":[{"href":"https:\/\/progena.ch\/fr\/wp-json\/wp\/v2\/pages\/30344","targetHints":{"allow":["GET"]}}],"collection":[{"href":"https:\/\/progena.ch\/fr\/wp-json\/wp\/v2\/pages"}],"about":[{"href":"https:\/\/progena.ch\/fr\/wp-json\/wp\/v2\/types\/page"}],"author":[{"embeddable":true,"href":"https:\/\/progena.ch\/fr\/wp-json\/wp\/v2\/users\/1"}],"replies":[{"embeddable":true,"href":"https:\/\/progena.ch\/fr\/wp-json\/wp\/v2\/comments?post=30344"}],"version-history":[{"count":11,"href":"https:\/\/progena.ch\/fr\/wp-json\/wp\/v2\/pages\/30344\/revisions"}],"predecessor-version":[{"id":31540,"href":"https:\/\/progena.ch\/fr\/wp-json\/wp\/v2\/pages\/30344\/revisions\/31540"}],"wp:attachment":[{"href":"https:\/\/progena.ch\/fr\/wp-json\/wp\/v2\/media?parent=30344"}],"curies":[{"name":"wp","href":"https:\/\/api.w.org\/{rel}","templated":true}]}}