{"id":30299,"date":"2019-08-27T23:05:24","date_gmt":"2019-08-27T21:05:24","guid":{"rendered":"https:\/\/progena.ch\/schweizer-register-fuer-neuromuskulaere-erkrankungen\/"},"modified":"2022-01-16T20:05:23","modified_gmt":"2022-01-16T19:05:23","slug":"registre-suisse-des-maladies-neuromusculaires","status":"publish","type":"page","link":"https:\/\/progena.ch\/fr\/registre-suisse-des-maladies-neuromusculaires\/","title":{"rendered":"Registre Suisse des Maladies Neuromusculaires"},"content":{"rendered":"<p>[et_pb_section fb_built=\u00a0\u00bb1&Prime; _builder_version=\u00a0\u00bb3.27.4&Prime; custom_padding=\u00a0\u00bb20px||||false|false\u00a0\u00bb fb_built=\u00a0\u00bb1&Prime; _i=\u00a0\u00bb0&Prime; _address=\u00a0\u00bb0&Prime;][et_pb_row column_structure=\u00a0\u00bb2_3,1_3&Prime; admin_label=\u00a0\u00bbLigne\u00a0\u00bb _builder_version=\u00a0\u00bb3.27.4&Prime; custom_padding=\u00a0\u00bb20px||||false|false\u00a0\u00bb make_fullwidth=\u00a0\u00bboff\u00a0\u00bb use_custom_width=\u00a0\u00bboff\u00a0\u00bb width_unit=\u00a0\u00bboff\u00a0\u00bb custom_width_px=\u00a0\u00bb1080px\u00a0\u00bb custom_width_percent=\u00a0\u00bb80%\u00a0\u00bb _i=\u00a0\u00bb0&Prime; _address=\u00a0\u00bb0.0&Prime;][et_pb_column type=\u00a0\u00bb2_3&Prime; _builder_version=\u00a0\u00bb3.25&Prime; custom_padding=\u00a0\u00bb|||\u00a0\u00bb _i=\u00a0\u00bb0&Prime; _address=\u00a0\u00bb0.0.0&Prime; custom_padding__hover=\u00a0\u00bb|||\u00a0\u00bb][et_pb_text _builder_version=\u00a0\u00bb3.27.4&Prime; text_orientation=\u00a0\u00bbcenter\u00a0\u00bb text_text_align=\u00a0\u00bbcenter\u00a0\u00bb _i=\u00a0\u00bb0&Prime; _address=\u00a0\u00bb0.0.0.0&Prime;]<\/p>\n<h1>Registre suisse des patients atteints de maladies neuromusculaires<\/h1>\n<p>[\/et_pb_text][et_pb_text _builder_version=\u00a0\u00bb3.27.4&Prime; hover_enabled=\u00a0\u00bb0&Prime; _i=\u00a0\u00bb1&Prime; _address=\u00a0\u00bb0.0.0.1&Prime;]<\/p>\n<h3>Qu&rsquo;est-ce que le registre suisse des maladies neuromusculaires?<\/h3>\n<p>Le Registre suisse des maladies neuromusculaires (<a href=\"https:\/\/www.swiss-reg-nmd.ch\/\"target=\"_blank\">Swiss-Reg-NMD<\/a>) recueille des informations m\u00e9dicales aupr\u00e8s des personnes atteintes d&rsquo;une maladie neuromusculaire. Le registre est tenu par des m\u00e9decins suisses.<\/p>\n<h3>\u00c0 quoi sert ce registre?<\/h3>\n<p>De nombreux progr\u00e8s ont \u00e9t\u00e9 r\u00e9alis\u00e9s dans la recherche sur les maladies neuromusculaires ces derni\u00e8res ann\u00e9es. De nouveaux m\u00e9dicaments sont constamment d\u00e9velopp\u00e9s et test\u00e9s. Le registre facilite l&rsquo;acc\u00e8s des patients aux \u00e9tudes th\u00e9rapeutiques.<\/p>\n<p>Combien de personnes atteintes d&rsquo;une maladie neuromusculaire y a-t-il en Suisse? Comment sont-elles trait\u00e9es? Quelles th\u00e9rapies sont efficaces? Le registre souhaite r\u00e9pondre \u00e0 ces questions et \u00e0 d&rsquo;autres. Pour ce faire, il a besoin d&rsquo;informations d\u00e9taill\u00e9es. Il recueille des informations m\u00e9dicales \u00e0 partir des dossiers m\u00e9dicaux (par exemple sur le diagnostic, les th\u00e9rapies ou les m\u00e9dicaments). De plus, il envoie des questionnaires aux familles concern\u00e9es sur leurs besoins, leur qualit\u00e9 de vie, leur scolarit\u00e9 ou leur nutrition. L&rsquo;\u00e9valuation nationale de ces donn\u00e9es permet d&rsquo;\u00e9laborer des mesures pour optimiser le traitement et l&rsquo;inclusion des personnes atteintes d&rsquo;une maladie neuromusculaire.<\/p>\n<p>Le m\u00e9decin traitant doit proc\u00e9der \u00e0 l&rsquo;enregistrement. Vous pouvez \u00e9galement contacter directement le registre: <a title=\"mailto:swiss-reg-nmd@ispm.unibe.ch\" href=\"mailto:swiss-reg-nmd@ispm.unibe.ch\">swiss-reg-nmd@ispm.unibe.ch<\/a><\/p>\n<p>[\/et_pb_text][et_pb_image src=\u00a0\u00bbhttps:\/\/progena.ch\/wp-content\/uploads\/2019\/09\/Register_DMD.jpg\u00a0\u00bb _builder_version=\u00a0\u00bb3.27.4&Prime; _i=\u00a0\u00bb2&Prime; _address=\u00a0\u00bb0.0.0.2&Prime;][\/et_pb_image][et_pb_text _builder_version=\u00a0\u00bb3.27.4&Prime; _i=\u00a0\u00bb3&Prime; _address=\u00a0\u00bb0.0.0.3&Prime;]<a href=\"mailto:%20Swiss-reg-nmd@hin.ch \">Swiss-reg-nmd@hin.ch<\/a><br \/>\n<a href=\"https:\/\/www.swiss-reg-nmd.ch\/\" target=\"_blank\" rel=\"noopener noreferrer\">https:\/\/www.swiss-reg-nmd.ch\/<\/a>[\/et_pb_text][\/et_pb_column][et_pb_column type=\u00a0\u00bb1_3&Prime; _builder_version=\u00a0\u00bb3.25&Prime; custom_padding=\u00a0\u00bb|||\u00a0\u00bb _i=\u00a0\u00bb1&Prime; _address=\u00a0\u00bb0.0.1&Prime; custom_padding__hover=\u00a0\u00bb|||\u00a0\u00bb][et_pb_sidebar area=\u00a0\u00bbet_pb_widget_area_3&Prime; _builder_version=\u00a0\u00bb3.27.4&Prime; body_font=\u00a0\u00bb|||on|||||\u00a0\u00bb body_text_align=\u00a0\u00bbright\u00a0\u00bb body_font_size=\u00a0\u00bb14px\u00a0\u00bb body_letter_spacing=\u00a0\u00bb1px\u00a0\u00bb body_line_height=\u00a0\u00bb2em\u00a0\u00bb _i=\u00a0\u00bb0&Prime; _address=\u00a0\u00bb0.0.1.0&Prime;][\/et_pb_sidebar][\/et_pb_column][\/et_pb_row][\/et_pb_section]<\/p>\n","protected":false},"excerpt":{"rendered":"<p>[et_pb_section fb_built=\u00a0\u00bb1&Prime; _builder_version=\u00a0\u00bb3.27.4&Prime; custom_padding=\u00a0\u00bb20px||||false|false\u00a0\u00bb fb_built=\u00a0\u00bb1&Prime; _i=\u00a0\u00bb0&Prime; _address=\u00a0\u00bb0&Prime;][et_pb_row column_structure=\u00a0\u00bb2_3,1_3&Prime; admin_label=\u00a0\u00bbLigne\u00a0\u00bb _builder_version=\u00a0\u00bb3.27.4&Prime; custom_padding=\u00a0\u00bb20px||||false|false\u00a0\u00bb make_fullwidth=\u00a0\u00bboff\u00a0\u00bb use_custom_width=\u00a0\u00bboff\u00a0\u00bb width_unit=\u00a0\u00bboff\u00a0\u00bb custom_width_px=\u00a0\u00bb1080px\u00a0\u00bb custom_width_percent=\u00a0\u00bb80%\u00a0\u00bb _i=\u00a0\u00bb0&Prime; _address=\u00a0\u00bb0.0&Prime;][et_pb_column type=\u00a0\u00bb2_3&Prime; _builder_version=\u00a0\u00bb3.25&Prime; custom_padding=\u00a0\u00bb|||\u00a0\u00bb _i=\u00a0\u00bb0&Prime; _address=\u00a0\u00bb0.0.0&Prime; custom_padding__hover=\u00a0\u00bb|||\u00a0\u00bb][et_pb_text _builder_version=\u00a0\u00bb3.27.4&Prime; text_orientation=\u00a0\u00bbcenter\u00a0\u00bb text_text_align=\u00a0\u00bbcenter\u00a0\u00bb _i=\u00a0\u00bb0&Prime; _address=\u00a0\u00bb0.0.0.0&Prime;] Registre suisse des patients atteints de maladies neuromusculaires [\/et_pb_text][et_pb_text _builder_version=\u00a0\u00bb3.27.4&Prime; hover_enabled=\u00a0\u00bb0&Prime; _i=\u00a0\u00bb1&Prime; _address=\u00a0\u00bb0.0.0.1&Prime;] Qu&rsquo;est-ce que le registre suisse des maladies neuromusculaires? Le Registre suisse des maladies [&hellip;]<\/p>\n","protected":false},"author":1,"featured_media":0,"parent":0,"menu_order":0,"comment_status":"closed","ping_status":"closed","template":"","meta":{"_et_pb_use_builder":"on","_et_pb_old_content":"","footnotes":""},"class_list":["post-30299","page","type-page","status-publish","hentry"],"yoast_head":"<!-- This site is optimized with the Yoast SEO plugin v24.3 - https:\/\/yoast.com\/wordpress\/plugins\/seo\/ -->\n<title>Registre Suisse des Maladies Neuromusculaires - Progena<\/title>\n<meta name=\"description\" content=\"Le registre suisse des patients atteints de maladies neuromusculaires, dont la dystrophie musculaire de Duchenne, est tenu par des m\u00e9decins.\" \/>\n<meta name=\"robots\" content=\"index, follow, max-snippet:-1, max-image-preview:large, max-video-preview:-1\" \/>\n<link rel=\"canonical\" href=\"https:\/\/progena.ch\/fr\/registre-suisse-des-maladies-neuromusculaires\/\" \/>\n<meta property=\"og:locale\" content=\"fr_FR\" \/>\n<meta property=\"og:type\" content=\"article\" \/>\n<meta property=\"og:title\" content=\"Registre Suisse des Maladies Neuromusculaires - Progena\" \/>\n<meta property=\"og:description\" content=\"Le registre suisse des patients atteints de maladies neuromusculaires, dont la dystrophie musculaire de Duchenne, est tenu par des m\u00e9decins.\" \/>\n<meta property=\"og:url\" content=\"https:\/\/progena.ch\/fr\/registre-suisse-des-maladies-neuromusculaires\/\" \/>\n<meta property=\"og:site_name\" content=\"Progena\" \/>\n<meta property=\"article:modified_time\" content=\"2022-01-16T19:05:23+00:00\" \/>\n<meta name=\"twitter:card\" content=\"summary_large_image\" \/>\n<meta name=\"twitter:label1\" content=\"Dur\u00e9e de lecture estim\u00e9e\" \/>\n\t<meta name=\"twitter:data1\" content=\"2 minutes\" \/>\n<script type=\"application\/ld+json\" class=\"yoast-schema-graph\">{\"@context\":\"https:\/\/schema.org\",\"@graph\":[{\"@type\":\"WebPage\",\"@id\":\"https:\/\/progena.ch\/fr\/registre-suisse-des-maladies-neuromusculaires\/\",\"url\":\"https:\/\/progena.ch\/fr\/registre-suisse-des-maladies-neuromusculaires\/\",\"name\":\"Registre Suisse des Maladies Neuromusculaires - Progena\",\"isPartOf\":{\"@id\":\"https:\/\/progena.ch\/#website\"},\"datePublished\":\"2019-08-27T21:05:24+00:00\",\"dateModified\":\"2022-01-16T19:05:23+00:00\",\"description\":\"Le registre suisse des patients atteints de maladies neuromusculaires, dont la dystrophie musculaire de Duchenne, est tenu par des m\u00e9decins.\",\"breadcrumb\":{\"@id\":\"https:\/\/progena.ch\/fr\/registre-suisse-des-maladies-neuromusculaires\/#breadcrumb\"},\"inLanguage\":\"fr-FR\",\"potentialAction\":[{\"@type\":\"ReadAction\",\"target\":[\"https:\/\/progena.ch\/fr\/registre-suisse-des-maladies-neuromusculaires\/\"]}]},{\"@type\":\"BreadcrumbList\",\"@id\":\"https:\/\/progena.ch\/fr\/registre-suisse-des-maladies-neuromusculaires\/#breadcrumb\",\"itemListElement\":[{\"@type\":\"ListItem\",\"position\":1,\"name\":\"Accueil\",\"item\":\"https:\/\/progena.ch\/fr\/\"},{\"@type\":\"ListItem\",\"position\":2,\"name\":\"Registre Suisse des Maladies Neuromusculaires\"}]},{\"@type\":\"WebSite\",\"@id\":\"https:\/\/progena.ch\/#website\",\"url\":\"https:\/\/progena.ch\/\",\"name\":\"Progena\",\"description\":\"Swiss Duchenne Foundation\",\"potentialAction\":[{\"@type\":\"SearchAction\",\"target\":{\"@type\":\"EntryPoint\",\"urlTemplate\":\"https:\/\/progena.ch\/?s={search_term_string}\"},\"query-input\":{\"@type\":\"PropertyValueSpecification\",\"valueRequired\":true,\"valueName\":\"search_term_string\"}}],\"inLanguage\":\"fr-FR\"}]}<\/script>\n<!-- \/ Yoast SEO plugin. -->","yoast_head_json":{"title":"Registre Suisse des Maladies Neuromusculaires - Progena","description":"Le registre suisse des patients atteints de maladies neuromusculaires, dont la dystrophie musculaire de Duchenne, est tenu par des m\u00e9decins.","robots":{"index":"index","follow":"follow","max-snippet":"max-snippet:-1","max-image-preview":"max-image-preview:large","max-video-preview":"max-video-preview:-1"},"canonical":"https:\/\/progena.ch\/fr\/registre-suisse-des-maladies-neuromusculaires\/","og_locale":"fr_FR","og_type":"article","og_title":"Registre Suisse des Maladies Neuromusculaires - Progena","og_description":"Le registre suisse des patients atteints de maladies neuromusculaires, dont la dystrophie musculaire de Duchenne, est tenu par des m\u00e9decins.","og_url":"https:\/\/progena.ch\/fr\/registre-suisse-des-maladies-neuromusculaires\/","og_site_name":"Progena","article_modified_time":"2022-01-16T19:05:23+00:00","twitter_card":"summary_large_image","twitter_misc":{"Dur\u00e9e de lecture estim\u00e9e":"2 minutes"},"schema":{"@context":"https:\/\/schema.org","@graph":[{"@type":"WebPage","@id":"https:\/\/progena.ch\/fr\/registre-suisse-des-maladies-neuromusculaires\/","url":"https:\/\/progena.ch\/fr\/registre-suisse-des-maladies-neuromusculaires\/","name":"Registre Suisse des Maladies Neuromusculaires - Progena","isPartOf":{"@id":"https:\/\/progena.ch\/#website"},"datePublished":"2019-08-27T21:05:24+00:00","dateModified":"2022-01-16T19:05:23+00:00","description":"Le registre suisse des patients atteints de maladies neuromusculaires, dont la dystrophie musculaire de Duchenne, est tenu par des m\u00e9decins.","breadcrumb":{"@id":"https:\/\/progena.ch\/fr\/registre-suisse-des-maladies-neuromusculaires\/#breadcrumb"},"inLanguage":"fr-FR","potentialAction":[{"@type":"ReadAction","target":["https:\/\/progena.ch\/fr\/registre-suisse-des-maladies-neuromusculaires\/"]}]},{"@type":"BreadcrumbList","@id":"https:\/\/progena.ch\/fr\/registre-suisse-des-maladies-neuromusculaires\/#breadcrumb","itemListElement":[{"@type":"ListItem","position":1,"name":"Accueil","item":"https:\/\/progena.ch\/fr\/"},{"@type":"ListItem","position":2,"name":"Registre Suisse des Maladies Neuromusculaires"}]},{"@type":"WebSite","@id":"https:\/\/progena.ch\/#website","url":"https:\/\/progena.ch\/","name":"Progena","description":"Swiss Duchenne Foundation","potentialAction":[{"@type":"SearchAction","target":{"@type":"EntryPoint","urlTemplate":"https:\/\/progena.ch\/?s={search_term_string}"},"query-input":{"@type":"PropertyValueSpecification","valueRequired":true,"valueName":"search_term_string"}}],"inLanguage":"fr-FR"}]}},"_links":{"self":[{"href":"https:\/\/progena.ch\/fr\/wp-json\/wp\/v2\/pages\/30299","targetHints":{"allow":["GET"]}}],"collection":[{"href":"https:\/\/progena.ch\/fr\/wp-json\/wp\/v2\/pages"}],"about":[{"href":"https:\/\/progena.ch\/fr\/wp-json\/wp\/v2\/types\/page"}],"author":[{"embeddable":true,"href":"https:\/\/progena.ch\/fr\/wp-json\/wp\/v2\/users\/1"}],"replies":[{"embeddable":true,"href":"https:\/\/progena.ch\/fr\/wp-json\/wp\/v2\/comments?post=30299"}],"version-history":[{"count":9,"href":"https:\/\/progena.ch\/fr\/wp-json\/wp\/v2\/pages\/30299\/revisions"}],"predecessor-version":[{"id":30945,"href":"https:\/\/progena.ch\/fr\/wp-json\/wp\/v2\/pages\/30299\/revisions\/30945"}],"wp:attachment":[{"href":"https:\/\/progena.ch\/fr\/wp-json\/wp\/v2\/media?parent=30299"}],"curies":[{"name":"wp","href":"https:\/\/api.w.org\/{rel}","templated":true}]}}