{"id":30289,"date":"2019-08-25T23:09:40","date_gmt":"2019-08-25T21:09:40","guid":{"rendered":"https:\/\/progena.ch\/unterstuetzen-sie-progena\/"},"modified":"2023-11-08T16:42:18","modified_gmt":"2023-11-08T15:42:18","slug":"soutenez-progena-faire-un-don","status":"publish","type":"page","link":"https:\/\/progena.ch\/fr\/soutenez-progena-faire-un-don\/","title":{"rendered":"Soutenez Progena"},"content":{"rendered":"<p>[et_pb_section fb_built=\u00a0\u00bb1&Prime; _builder_version=\u00a0\u00bb3.27.4&Prime; custom_padding=\u00a0\u00bb20px||||false|false\u00a0\u00bb fb_built=\u00a0\u00bb1&Prime; _i=\u00a0\u00bb0&Prime; _address=\u00a0\u00bb0&Prime;][et_pb_row column_structure=\u00a0\u00bb2_3,1_3&Prime; custom_padding_last_edited=\u00a0\u00bbon|phone\u00a0\u00bb admin_label=\u00a0\u00bbLigne\u00a0\u00bb _builder_version=\u00a0\u00bb3.27.4&Prime; background_size=\u00a0\u00bbinitial\u00a0\u00bb background_position=\u00a0\u00bbtop_left\u00a0\u00bb background_repeat=\u00a0\u00bbrepeat\u00a0\u00bb custom_padding_tablet=\u00a0\u00bb0px|20px|0px|20px|false|false\u00a0\u00bb custom_padding_phone=\u00a0\u00bb0px|10px|0px|10px|false|false\u00a0\u00bb make_fullwidth=\u00a0\u00bboff\u00a0\u00bb use_custom_width=\u00a0\u00bboff\u00a0\u00bb width_unit=\u00a0\u00bboff\u00a0\u00bb custom_width_px=\u00a0\u00bb1080px\u00a0\u00bb custom_width_percent=\u00a0\u00bb80%\u00a0\u00bb _i=\u00a0\u00bb0&Prime; _address=\u00a0\u00bb0.0&Prime;][et_pb_column type=\u00a0\u00bb2_3&Prime; _builder_version=\u00a0\u00bb3.25&Prime; custom_padding=\u00a0\u00bb|||\u00a0\u00bb _i=\u00a0\u00bb0&Prime; _address=\u00a0\u00bb0.0.0&Prime; custom_padding__hover=\u00a0\u00bb|||\u00a0\u00bb][et_pb_text _builder_version=\u00a0\u00bb3.27.4&Prime; text_text_align=\u00a0\u00bbcenter\u00a0\u00bb _i=\u00a0\u00bb0&Prime; _address=\u00a0\u00bb0.0.0.0&Prime;]<\/p>\n<h1>Soutenez Progena<\/h1>\n<p>[\/et_pb_text][et_pb_text _builder_version=\u00a0\u00bb3.27.4&Prime; custom_padding=\u00a0\u00bb||0px|||\u00a0\u00bb hover_enabled=\u00a0\u00bb0&Prime; _i=\u00a0\u00bb1&Prime; _address=\u00a0\u00bb0.0.0.1&Prime;]<\/p>\n<p>Pour nos \u00e9v\u00e9nements, comme par exemple la conf\u00e9rence Duchenne, nous recherchons des personnes motiv\u00e9es pour nous accompagner dans l&rsquo;organisation et la mise en \u0153uvre. Contactez-nous pour\u00a0en savoir plus.<\/p>\n<p>[\/et_pb_text][et_pb_image src=\u00a0\u00bbhttps:\/\/progena.ch\/wp-content\/uploads\/2019\/09\/Unterstuetzung.jpg\u00a0\u00bb _builder_version=\u00a0\u00bb3.27.4&Prime; _i=\u00a0\u00bb2&Prime; _address=\u00a0\u00bb0.0.0.2&Prime; src__hover_enabled=\u00a0\u00bboff|desktop\u00a0\u00bb][\/et_pb_image][et_pb_text _builder_version=\u00a0\u00bb3.27.4&Prime; _i=\u00a0\u00bb3&Prime; _address=\u00a0\u00bb0.0.0.3&Prime;]<\/p>\n<p>Souhaitez-vous soutenir financi\u00e8rement notre travail? Avec votre don, vous soutenez nos objectifs en tant qu&rsquo;organisation de patients. Nous nous engageons \u00e0 veiller \u00e0 ce que les parents et les personnes concern\u00e9es soient inform\u00e9s des derniers d\u00e9veloppements m\u00e9dicaux et soutenons le Registre suisse des patients pour la dystrophie musculaire de Duchenne et Becker. Nous travaillons sur une base b\u00e9n\u00e9vole \u2013 votre don va directement aux projets.<\/p>\n<p>Vous recevrez un re\u00e7u de don sur demande accompagn\u00e9e de votre adresse. Progena est exon\u00e9r\u00e9 d&rsquo;imp\u00f4t et votre don est donc d\u00e9ductible.<\/p>\n<p style=\"text-align: center;\">Progena,\u00a0Swiss Duchenne Foundation<br \/> Brume 2,\u00a01100 Morges<\/p>\n<p style=\"text-align: center;\">IBAN: <span class=\"t-nowrap\" data-ng-bind=\"vm.account.formatted.iban || vm.account.formatted.number\" ng-attr-id=\"{{vm.theId}}-iban\">CH30 0900 0000 1758 7864 8<br \/> <\/span>BIC: <span>POFICHBEXXX<\/span><\/p>\n<p>[\/et_pb_text][\/et_pb_column][et_pb_column type=\u00a0\u00bb1_3&Prime; _builder_version=\u00a0\u00bb3.25&Prime; custom_padding=\u00a0\u00bb|||\u00a0\u00bb _i=\u00a0\u00bb1&Prime; _address=\u00a0\u00bb0.0.1&Prime; custom_padding__hover=\u00a0\u00bb|||\u00a0\u00bb][et_pb_sidebar area=\u00a0\u00bbet_pb_widget_area_2&Prime; _builder_version=\u00a0\u00bb3.27.4&Prime; body_font=\u00a0\u00bb|||on|||||\u00a0\u00bb body_text_align=\u00a0\u00bbright\u00a0\u00bb body_font_size=\u00a0\u00bb14px\u00a0\u00bb body_letter_spacing=\u00a0\u00bb1px\u00a0\u00bb body_line_height=\u00a0\u00bb2em\u00a0\u00bb _i=\u00a0\u00bb0&Prime; _address=\u00a0\u00bb0.0.1.0&Prime;][\/et_pb_sidebar][\/et_pb_column][\/et_pb_row][\/et_pb_section]<\/p>\n","protected":false},"excerpt":{"rendered":"<p>[et_pb_section fb_built=\u00a0\u00bb1&Prime; _builder_version=\u00a0\u00bb3.27.4&Prime; custom_padding=\u00a0\u00bb20px||||false|false\u00a0\u00bb fb_built=\u00a0\u00bb1&Prime; _i=\u00a0\u00bb0&Prime; _address=\u00a0\u00bb0&Prime;][et_pb_row column_structure=\u00a0\u00bb2_3,1_3&Prime; custom_padding_last_edited=\u00a0\u00bbon|phone\u00a0\u00bb admin_label=\u00a0\u00bbLigne\u00a0\u00bb _builder_version=\u00a0\u00bb3.27.4&Prime; background_size=\u00a0\u00bbinitial\u00a0\u00bb background_position=\u00a0\u00bbtop_left\u00a0\u00bb background_repeat=\u00a0\u00bbrepeat\u00a0\u00bb custom_padding_tablet=\u00a0\u00bb0px|20px|0px|20px|false|false\u00a0\u00bb custom_padding_phone=\u00a0\u00bb0px|10px|0px|10px|false|false\u00a0\u00bb make_fullwidth=\u00a0\u00bboff\u00a0\u00bb use_custom_width=\u00a0\u00bboff\u00a0\u00bb width_unit=\u00a0\u00bboff\u00a0\u00bb custom_width_px=\u00a0\u00bb1080px\u00a0\u00bb custom_width_percent=\u00a0\u00bb80%\u00a0\u00bb _i=\u00a0\u00bb0&Prime; _address=\u00a0\u00bb0.0&Prime;][et_pb_column type=\u00a0\u00bb2_3&Prime; _builder_version=\u00a0\u00bb3.25&Prime; custom_padding=\u00a0\u00bb|||\u00a0\u00bb _i=\u00a0\u00bb0&Prime; _address=\u00a0\u00bb0.0.0&Prime; custom_padding__hover=\u00a0\u00bb|||\u00a0\u00bb][et_pb_text _builder_version=\u00a0\u00bb3.27.4&Prime; text_text_align=\u00a0\u00bbcenter\u00a0\u00bb _i=\u00a0\u00bb0&Prime; _address=\u00a0\u00bb0.0.0.0&Prime;] Soutenez Progena [\/et_pb_text][et_pb_text _builder_version=\u00a0\u00bb3.27.4&Prime; custom_padding=\u00a0\u00bb||0px|||\u00a0\u00bb hover_enabled=\u00a0\u00bb0&Prime; _i=\u00a0\u00bb1&Prime; _address=\u00a0\u00bb0.0.0.1&Prime;] Pour nos \u00e9v\u00e9nements, comme par exemple la conf\u00e9rence Duchenne, nous recherchons des personnes motiv\u00e9es [&hellip;]<\/p>\n","protected":false},"author":1,"featured_media":29224,"parent":0,"menu_order":0,"comment_status":"closed","ping_status":"closed","template":"","meta":{"_et_pb_use_builder":"on","_et_pb_old_content":"","footnotes":""},"class_list":["post-30289","page","type-page","status-publish","has-post-thumbnail","hentry"],"yoast_head":"<!-- This site is optimized with the Yoast SEO plugin v24.3 - https:\/\/yoast.com\/wordpress\/plugins\/seo\/ -->\n<title>Soutenez Progena - Progena<\/title>\n<meta name=\"description\" content=\"Soutenez Progena en faisant un don ou en proposant votre aide pour nos conf\u00e9rences et \u00e9v\u00e8nements.\" \/>\n<meta name=\"robots\" content=\"index, follow, max-snippet:-1, max-image-preview:large, max-video-preview:-1\" \/>\n<link rel=\"canonical\" href=\"https:\/\/progena.ch\/fr\/soutenez-progena-faire-un-don\/\" \/>\n<meta property=\"og:locale\" content=\"fr_FR\" \/>\n<meta property=\"og:type\" content=\"article\" \/>\n<meta property=\"og:title\" content=\"Soutenez Progena - Progena\" \/>\n<meta property=\"og:description\" content=\"Soutenez Progena en faisant un don ou en proposant votre aide pour nos conf\u00e9rences et \u00e9v\u00e8nements.\" \/>\n<meta property=\"og:url\" content=\"https:\/\/progena.ch\/fr\/soutenez-progena-faire-un-don\/\" \/>\n<meta property=\"og:site_name\" content=\"Progena\" \/>\n<meta property=\"article:modified_time\" content=\"2023-11-08T15:42:18+00:00\" \/>\n<meta property=\"og:image\" content=\"https:\/\/progena.ch\/wp-content\/uploads\/2019\/09\/Unterstuetzung.jpg\" \/>\n\t<meta property=\"og:image:width\" content=\"1200\" \/>\n\t<meta property=\"og:image:height\" content=\"800\" \/>\n\t<meta property=\"og:image:type\" content=\"image\/jpeg\" \/>\n<meta name=\"twitter:card\" content=\"summary_large_image\" \/>\n<meta name=\"twitter:label1\" content=\"Dur\u00e9e de lecture estim\u00e9e\" \/>\n\t<meta name=\"twitter:data1\" content=\"1 minute\" \/>\n<script type=\"application\/ld+json\" class=\"yoast-schema-graph\">{\"@context\":\"https:\/\/schema.org\",\"@graph\":[{\"@type\":\"WebPage\",\"@id\":\"https:\/\/progena.ch\/fr\/soutenez-progena-faire-un-don\/\",\"url\":\"https:\/\/progena.ch\/fr\/soutenez-progena-faire-un-don\/\",\"name\":\"Soutenez Progena - Progena\",\"isPartOf\":{\"@id\":\"https:\/\/progena.ch\/#website\"},\"primaryImageOfPage\":{\"@id\":\"https:\/\/progena.ch\/fr\/soutenez-progena-faire-un-don\/#primaryimage\"},\"image\":{\"@id\":\"https:\/\/progena.ch\/fr\/soutenez-progena-faire-un-don\/#primaryimage\"},\"thumbnailUrl\":\"https:\/\/progena.ch\/wp-content\/uploads\/2019\/09\/Unterstuetzung.jpg\",\"datePublished\":\"2019-08-25T21:09:40+00:00\",\"dateModified\":\"2023-11-08T15:42:18+00:00\",\"description\":\"Soutenez Progena en faisant un don ou en proposant votre aide pour nos conf\u00e9rences et \u00e9v\u00e8nements.\",\"breadcrumb\":{\"@id\":\"https:\/\/progena.ch\/fr\/soutenez-progena-faire-un-don\/#breadcrumb\"},\"inLanguage\":\"fr-FR\",\"potentialAction\":[{\"@type\":\"ReadAction\",\"target\":[\"https:\/\/progena.ch\/fr\/soutenez-progena-faire-un-don\/\"]}]},{\"@type\":\"ImageObject\",\"inLanguage\":\"fr-FR\",\"@id\":\"https:\/\/progena.ch\/fr\/soutenez-progena-faire-un-don\/#primaryimage\",\"url\":\"https:\/\/progena.ch\/wp-content\/uploads\/2019\/09\/Unterstuetzung.jpg\",\"contentUrl\":\"https:\/\/progena.ch\/wp-content\/uploads\/2019\/09\/Unterstuetzung.jpg\",\"width\":1200,\"height\":800},{\"@type\":\"BreadcrumbList\",\"@id\":\"https:\/\/progena.ch\/fr\/soutenez-progena-faire-un-don\/#breadcrumb\",\"itemListElement\":[{\"@type\":\"ListItem\",\"position\":1,\"name\":\"Accueil\",\"item\":\"https:\/\/progena.ch\/fr\/\"},{\"@type\":\"ListItem\",\"position\":2,\"name\":\"Soutenez Progena\"}]},{\"@type\":\"WebSite\",\"@id\":\"https:\/\/progena.ch\/#website\",\"url\":\"https:\/\/progena.ch\/\",\"name\":\"Progena\",\"description\":\"Swiss Duchenne Foundation\",\"potentialAction\":[{\"@type\":\"SearchAction\",\"target\":{\"@type\":\"EntryPoint\",\"urlTemplate\":\"https:\/\/progena.ch\/?s={search_term_string}\"},\"query-input\":{\"@type\":\"PropertyValueSpecification\",\"valueRequired\":true,\"valueName\":\"search_term_string\"}}],\"inLanguage\":\"fr-FR\"}]}<\/script>\n<!-- \/ Yoast SEO plugin. -->","yoast_head_json":{"title":"Soutenez Progena - Progena","description":"Soutenez Progena en faisant un don ou en proposant votre aide pour nos conf\u00e9rences et \u00e9v\u00e8nements.","robots":{"index":"index","follow":"follow","max-snippet":"max-snippet:-1","max-image-preview":"max-image-preview:large","max-video-preview":"max-video-preview:-1"},"canonical":"https:\/\/progena.ch\/fr\/soutenez-progena-faire-un-don\/","og_locale":"fr_FR","og_type":"article","og_title":"Soutenez Progena - Progena","og_description":"Soutenez Progena en faisant un don ou en proposant votre aide pour nos conf\u00e9rences et \u00e9v\u00e8nements.","og_url":"https:\/\/progena.ch\/fr\/soutenez-progena-faire-un-don\/","og_site_name":"Progena","article_modified_time":"2023-11-08T15:42:18+00:00","og_image":[{"width":1200,"height":800,"url":"https:\/\/progena.ch\/wp-content\/uploads\/2019\/09\/Unterstuetzung.jpg","type":"image\/jpeg"}],"twitter_card":"summary_large_image","twitter_misc":{"Dur\u00e9e de lecture estim\u00e9e":"1 minute"},"schema":{"@context":"https:\/\/schema.org","@graph":[{"@type":"WebPage","@id":"https:\/\/progena.ch\/fr\/soutenez-progena-faire-un-don\/","url":"https:\/\/progena.ch\/fr\/soutenez-progena-faire-un-don\/","name":"Soutenez Progena - Progena","isPartOf":{"@id":"https:\/\/progena.ch\/#website"},"primaryImageOfPage":{"@id":"https:\/\/progena.ch\/fr\/soutenez-progena-faire-un-don\/#primaryimage"},"image":{"@id":"https:\/\/progena.ch\/fr\/soutenez-progena-faire-un-don\/#primaryimage"},"thumbnailUrl":"https:\/\/progena.ch\/wp-content\/uploads\/2019\/09\/Unterstuetzung.jpg","datePublished":"2019-08-25T21:09:40+00:00","dateModified":"2023-11-08T15:42:18+00:00","description":"Soutenez Progena en faisant un don ou en proposant votre aide pour nos conf\u00e9rences et \u00e9v\u00e8nements.","breadcrumb":{"@id":"https:\/\/progena.ch\/fr\/soutenez-progena-faire-un-don\/#breadcrumb"},"inLanguage":"fr-FR","potentialAction":[{"@type":"ReadAction","target":["https:\/\/progena.ch\/fr\/soutenez-progena-faire-un-don\/"]}]},{"@type":"ImageObject","inLanguage":"fr-FR","@id":"https:\/\/progena.ch\/fr\/soutenez-progena-faire-un-don\/#primaryimage","url":"https:\/\/progena.ch\/wp-content\/uploads\/2019\/09\/Unterstuetzung.jpg","contentUrl":"https:\/\/progena.ch\/wp-content\/uploads\/2019\/09\/Unterstuetzung.jpg","width":1200,"height":800},{"@type":"BreadcrumbList","@id":"https:\/\/progena.ch\/fr\/soutenez-progena-faire-un-don\/#breadcrumb","itemListElement":[{"@type":"ListItem","position":1,"name":"Accueil","item":"https:\/\/progena.ch\/fr\/"},{"@type":"ListItem","position":2,"name":"Soutenez Progena"}]},{"@type":"WebSite","@id":"https:\/\/progena.ch\/#website","url":"https:\/\/progena.ch\/","name":"Progena","description":"Swiss Duchenne Foundation","potentialAction":[{"@type":"SearchAction","target":{"@type":"EntryPoint","urlTemplate":"https:\/\/progena.ch\/?s={search_term_string}"},"query-input":{"@type":"PropertyValueSpecification","valueRequired":true,"valueName":"search_term_string"}}],"inLanguage":"fr-FR"}]}},"_links":{"self":[{"href":"https:\/\/progena.ch\/fr\/wp-json\/wp\/v2\/pages\/30289","targetHints":{"allow":["GET"]}}],"collection":[{"href":"https:\/\/progena.ch\/fr\/wp-json\/wp\/v2\/pages"}],"about":[{"href":"https:\/\/progena.ch\/fr\/wp-json\/wp\/v2\/types\/page"}],"author":[{"embeddable":true,"href":"https:\/\/progena.ch\/fr\/wp-json\/wp\/v2\/users\/1"}],"replies":[{"embeddable":true,"href":"https:\/\/progena.ch\/fr\/wp-json\/wp\/v2\/comments?post=30289"}],"version-history":[{"count":5,"href":"https:\/\/progena.ch\/fr\/wp-json\/wp\/v2\/pages\/30289\/revisions"}],"predecessor-version":[{"id":31558,"href":"https:\/\/progena.ch\/fr\/wp-json\/wp\/v2\/pages\/30289\/revisions\/31558"}],"wp:featuredmedia":[{"embeddable":true,"href":"https:\/\/progena.ch\/fr\/wp-json\/wp\/v2\/media\/29224"}],"wp:attachment":[{"href":"https:\/\/progena.ch\/fr\/wp-json\/wp\/v2\/media?parent=30289"}],"curies":[{"name":"wp","href":"https:\/\/api.w.org\/{rel}","templated":true}]}}