{"id":30283,"date":"2019-09-16T23:54:38","date_gmt":"2019-09-16T21:54:38","guid":{"rendered":"https:\/\/progena.ch\/wer-wir-sind\/"},"modified":"2022-11-02T10:06:38","modified_gmt":"2022-11-02T09:06:38","slug":"qui-sommes-nous","status":"publish","type":"page","link":"https:\/\/progena.ch\/fr\/qui-sommes-nous\/","title":{"rendered":"Qui sommes-nous"},"content":{"rendered":"<p>[et_pb_section fb_built=\u00a0\u00bb1&Prime; _builder_version=\u00a0\u00bb3.27.4&Prime; custom_padding=\u00a0\u00bb20px||||false|false\u00a0\u00bb fb_built=\u00a0\u00bb1&Prime; _i=\u00a0\u00bb0&Prime; _address=\u00a0\u00bb0&Prime;][et_pb_row column_structure=\u00a0\u00bb2_3,1_3&Prime; _builder_version=\u00a0\u00bb3.27.4&Prime; custom_padding=\u00a0\u00bb20px||||false|false\u00a0\u00bb _i=\u00a0\u00bb0&Prime; _address=\u00a0\u00bb0.0&Prime;][et_pb_column type=\u00a0\u00bb2_3&Prime; _builder_version=\u00a0\u00bb3.27.4&Prime; _i=\u00a0\u00bb0&Prime; _address=\u00a0\u00bb0.0.0&Prime;][et_pb_text _builder_version=\u00a0\u00bb3.27.4&Prime; text_text_align=\u00a0\u00bbcenter\u00a0\u00bb _i=\u00a0\u00bb0&Prime; _address=\u00a0\u00bb0.0.0.0&Prime;]<\/p>\n<h1>Qui sommes-nous?<\/h1>\n<p>[\/et_pb_text][et_pb_text _builder_version=\u00a0\u00bb3.27.4&Prime; custom_margin=\u00a0\u00bb||56px|||\u00a0\u00bb _i=\u00a0\u00bb1&Prime; _address=\u00a0\u00bb0.0.0.1&Prime;]<\/p>\n<h2><img loading=\"lazy\" decoding=\"async\" class=\"wp-image-29288 alignleft size-full\" src=\"https:\/\/progena.ch\/wp-content\/uploads\/2019\/09\/Robert-Palm.jpg\" alt=\"\" width=\"200\" height=\"200\" srcset=\"https:\/\/progena.ch\/wp-content\/uploads\/2019\/09\/Robert-Palm.jpg 200w, https:\/\/progena.ch\/wp-content\/uploads\/2019\/09\/Robert-Palm-150x150.jpg 150w\" sizes=\"auto, (max-width: 200px) 100vw, 200px\" \/>Robert Palm<\/h2>\n<h3>Co-fondateur et Pr\u00e9sident<\/h3>\n<p>Mon fils est n\u00e9 en 2001 et en 2006 on lui a diagnostiqu\u00e9 une dystrophie musculaire de Duchenne. Peu apr\u00e8s, j&rsquo;ai cr\u00e9\u00e9 la Fondation Progena avec mon ex-femme Huguette Palm, dans le but de prendre part au r\u00e9seau international. Durant deux ans, mon fils a particip\u00e9 \u00e0 une \u00e9tude clinique \u00e0 l&rsquo;\u00e9tranger, malheureusement interrompue avant l\u2019heure.<\/p>\n<p>J&rsquo;ai plus de 35 ans d&rsquo;exp\u00e9rience en tant qu\u2019entrepreneur et je suis membre de conseils d&rsquo;administration en Suisse et en Europe. J&rsquo;ai profit\u00e9 de cette exp\u00e9rience pour \u00e9largir mon r\u00e9seau international et faire connaissance avec les personnalit\u00e9s qui travaillent dans le domaine de la maladie de Duchenne, afin que la Suisse puisse participer aux efforts internationaux contre cette terrible maladie.<\/p>\n<p>J&rsquo;ai notamment pris l&rsquo;initiative de cr\u00e9er le Registre suisse des maladies neuromusculaires en 2008 en collaboration avec le T\u00e9l\u00e9thon suisse.<\/p>\n<p>En 2009, j&rsquo;ai assist\u00e9 \u00e0 la premi\u00e8re conf\u00e9rence Treat-NMD \u00e0 Bruxelles et propos\u00e9 d&rsquo;organiser une deuxi\u00e8me conf\u00e9rence internationale \u00e0 Gen\u00e8ve en 2011, qui a attir\u00e9 plus de 400 participants du monde entier sur 4 jours. Depuis lors, la conf\u00e9rence Treat-NMD a lieu tous les deux ans.<\/p>\n<p>En 2015, avec Maria Fries, l&rsquo;id\u00e9e a germ\u00e9 d&rsquo;organiser la premi\u00e8re conf\u00e9rence Duchenne suisse germanophone, dont la premi\u00e8re \u00e9dition, en 2016, connut un grand succ\u00e8s. Cela nous a encourag\u00e9s \u00e0 organiser une deuxi\u00e8me conf\u00e9rence deux ans plus tard \u2013 et maintenant tous les deux ans! Cela a \u00e9t\u00e9 rendu possible gr\u00e2ce aux participants et au soutien de nos sponsors et j&rsquo;en suis infiniment reconnaissant!<\/p>\n<p>[\/et_pb_text][\/et_pb_column][et_pb_column type=\u00a0\u00bb1_3&Prime; _builder_version=\u00a0\u00bb3.27.4&Prime; _i=\u00a0\u00bb1&Prime; _address=\u00a0\u00bb0.0.1&Prime;][et_pb_sidebar area=\u00a0\u00bbet_pb_widget_area_2&Prime; _builder_version=\u00a0\u00bb3.27.4&Prime; _i=\u00a0\u00bb0&Prime; _address=\u00a0\u00bb0.0.1.0&Prime;][\/et_pb_sidebar][\/et_pb_column][\/et_pb_row][\/et_pb_section]<\/p>\n","protected":false},"excerpt":{"rendered":"<p>[et_pb_section fb_built=\u00a0\u00bb1&Prime; _builder_version=\u00a0\u00bb3.27.4&Prime; custom_padding=\u00a0\u00bb20px||||false|false\u00a0\u00bb fb_built=\u00a0\u00bb1&Prime; _i=\u00a0\u00bb0&Prime; _address=\u00a0\u00bb0&Prime;][et_pb_row column_structure=\u00a0\u00bb2_3,1_3&Prime; _builder_version=\u00a0\u00bb3.27.4&Prime; custom_padding=\u00a0\u00bb20px||||false|false\u00a0\u00bb _i=\u00a0\u00bb0&Prime; _address=\u00a0\u00bb0.0&Prime;][et_pb_column type=\u00a0\u00bb2_3&Prime; _builder_version=\u00a0\u00bb3.27.4&Prime; _i=\u00a0\u00bb0&Prime; _address=\u00a0\u00bb0.0.0&Prime;][et_pb_text _builder_version=\u00a0\u00bb3.27.4&Prime; text_text_align=\u00a0\u00bbcenter\u00a0\u00bb _i=\u00a0\u00bb0&Prime; _address=\u00a0\u00bb0.0.0.0&Prime;] Qui sommes-nous? [\/et_pb_text][et_pb_text _builder_version=\u00a0\u00bb3.27.4&Prime; custom_margin=\u00a0\u00bb||56px|||\u00a0\u00bb _i=\u00a0\u00bb1&Prime; _address=\u00a0\u00bb0.0.0.1&Prime;] Robert Palm Co-fondateur et Pr\u00e9sident Mon fils est n\u00e9 en 2001 et en 2006 on lui a diagnostiqu\u00e9 une dystrophie musculaire de Duchenne. Peu apr\u00e8s, j&rsquo;ai cr\u00e9\u00e9 la [&hellip;]<\/p>\n","protected":false},"author":1,"featured_media":0,"parent":0,"menu_order":0,"comment_status":"closed","ping_status":"closed","template":"","meta":{"_et_pb_use_builder":"on","_et_pb_old_content":"","footnotes":""},"class_list":["post-30283","page","type-page","status-publish","hentry"],"yoast_head":"<!-- This site is optimized with the Yoast SEO plugin v24.3 - https:\/\/yoast.com\/wordpress\/plugins\/seo\/ -->\n<title>Qui sommes-nous - Progena<\/title>\n<meta name=\"description\" content=\"Pr\u00e9sentation des membres du comit\u00e9 de Progena, Fondation Duchenne Suisse.\" \/>\n<meta name=\"robots\" content=\"index, follow, max-snippet:-1, max-image-preview:large, max-video-preview:-1\" \/>\n<link rel=\"canonical\" href=\"https:\/\/progena.ch\/fr\/qui-sommes-nous\/\" \/>\n<meta property=\"og:locale\" content=\"fr_FR\" \/>\n<meta property=\"og:type\" content=\"article\" \/>\n<meta property=\"og:title\" content=\"Qui sommes-nous - Progena\" \/>\n<meta property=\"og:description\" content=\"Pr\u00e9sentation des membres du comit\u00e9 de Progena, Fondation Duchenne Suisse.\" \/>\n<meta property=\"og:url\" content=\"https:\/\/progena.ch\/fr\/qui-sommes-nous\/\" \/>\n<meta property=\"og:site_name\" content=\"Progena\" \/>\n<meta property=\"article:modified_time\" content=\"2022-11-02T09:06:38+00:00\" \/>\n<meta property=\"og:image\" content=\"https:\/\/progena.ch\/wp-content\/uploads\/2019\/09\/Robert-Palm.jpg\" \/>\n<meta name=\"twitter:card\" content=\"summary_large_image\" \/>\n<meta name=\"twitter:label1\" content=\"Dur\u00e9e de lecture estim\u00e9e\" \/>\n\t<meta name=\"twitter:data1\" content=\"3 minutes\" \/>\n<script type=\"application\/ld+json\" class=\"yoast-schema-graph\">{\"@context\":\"https:\/\/schema.org\",\"@graph\":[{\"@type\":\"WebPage\",\"@id\":\"https:\/\/progena.ch\/fr\/qui-sommes-nous\/\",\"url\":\"https:\/\/progena.ch\/fr\/qui-sommes-nous\/\",\"name\":\"Qui sommes-nous - Progena\",\"isPartOf\":{\"@id\":\"https:\/\/progena.ch\/#website\"},\"primaryImageOfPage\":{\"@id\":\"https:\/\/progena.ch\/fr\/qui-sommes-nous\/#primaryimage\"},\"image\":{\"@id\":\"https:\/\/progena.ch\/fr\/qui-sommes-nous\/#primaryimage\"},\"thumbnailUrl\":\"https:\/\/progena.ch\/wp-content\/uploads\/2019\/09\/Robert-Palm.jpg\",\"datePublished\":\"2019-09-16T21:54:38+00:00\",\"dateModified\":\"2022-11-02T09:06:38+00:00\",\"description\":\"Pr\u00e9sentation des membres du comit\u00e9 de Progena, Fondation Duchenne Suisse.\",\"breadcrumb\":{\"@id\":\"https:\/\/progena.ch\/fr\/qui-sommes-nous\/#breadcrumb\"},\"inLanguage\":\"fr-FR\",\"potentialAction\":[{\"@type\":\"ReadAction\",\"target\":[\"https:\/\/progena.ch\/fr\/qui-sommes-nous\/\"]}]},{\"@type\":\"ImageObject\",\"inLanguage\":\"fr-FR\",\"@id\":\"https:\/\/progena.ch\/fr\/qui-sommes-nous\/#primaryimage\",\"url\":\"https:\/\/progena.ch\/wp-content\/uploads\/2019\/09\/Robert-Palm.jpg\",\"contentUrl\":\"https:\/\/progena.ch\/wp-content\/uploads\/2019\/09\/Robert-Palm.jpg\"},{\"@type\":\"BreadcrumbList\",\"@id\":\"https:\/\/progena.ch\/fr\/qui-sommes-nous\/#breadcrumb\",\"itemListElement\":[{\"@type\":\"ListItem\",\"position\":1,\"name\":\"Accueil\",\"item\":\"https:\/\/progena.ch\/fr\/\"},{\"@type\":\"ListItem\",\"position\":2,\"name\":\"Qui sommes-nous\"}]},{\"@type\":\"WebSite\",\"@id\":\"https:\/\/progena.ch\/#website\",\"url\":\"https:\/\/progena.ch\/\",\"name\":\"Progena\",\"description\":\"Swiss Duchenne Foundation\",\"potentialAction\":[{\"@type\":\"SearchAction\",\"target\":{\"@type\":\"EntryPoint\",\"urlTemplate\":\"https:\/\/progena.ch\/?s={search_term_string}\"},\"query-input\":{\"@type\":\"PropertyValueSpecification\",\"valueRequired\":true,\"valueName\":\"search_term_string\"}}],\"inLanguage\":\"fr-FR\"}]}<\/script>\n<!-- \/ Yoast SEO plugin. -->","yoast_head_json":{"title":"Qui sommes-nous - Progena","description":"Pr\u00e9sentation des membres du comit\u00e9 de Progena, Fondation Duchenne Suisse.","robots":{"index":"index","follow":"follow","max-snippet":"max-snippet:-1","max-image-preview":"max-image-preview:large","max-video-preview":"max-video-preview:-1"},"canonical":"https:\/\/progena.ch\/fr\/qui-sommes-nous\/","og_locale":"fr_FR","og_type":"article","og_title":"Qui sommes-nous - Progena","og_description":"Pr\u00e9sentation des membres du comit\u00e9 de Progena, Fondation Duchenne Suisse.","og_url":"https:\/\/progena.ch\/fr\/qui-sommes-nous\/","og_site_name":"Progena","article_modified_time":"2022-11-02T09:06:38+00:00","og_image":[{"url":"https:\/\/progena.ch\/wp-content\/uploads\/2019\/09\/Robert-Palm.jpg","type":"","width":"","height":""}],"twitter_card":"summary_large_image","twitter_misc":{"Dur\u00e9e de lecture estim\u00e9e":"3 minutes"},"schema":{"@context":"https:\/\/schema.org","@graph":[{"@type":"WebPage","@id":"https:\/\/progena.ch\/fr\/qui-sommes-nous\/","url":"https:\/\/progena.ch\/fr\/qui-sommes-nous\/","name":"Qui sommes-nous - Progena","isPartOf":{"@id":"https:\/\/progena.ch\/#website"},"primaryImageOfPage":{"@id":"https:\/\/progena.ch\/fr\/qui-sommes-nous\/#primaryimage"},"image":{"@id":"https:\/\/progena.ch\/fr\/qui-sommes-nous\/#primaryimage"},"thumbnailUrl":"https:\/\/progena.ch\/wp-content\/uploads\/2019\/09\/Robert-Palm.jpg","datePublished":"2019-09-16T21:54:38+00:00","dateModified":"2022-11-02T09:06:38+00:00","description":"Pr\u00e9sentation des membres du comit\u00e9 de Progena, Fondation Duchenne Suisse.","breadcrumb":{"@id":"https:\/\/progena.ch\/fr\/qui-sommes-nous\/#breadcrumb"},"inLanguage":"fr-FR","potentialAction":[{"@type":"ReadAction","target":["https:\/\/progena.ch\/fr\/qui-sommes-nous\/"]}]},{"@type":"ImageObject","inLanguage":"fr-FR","@id":"https:\/\/progena.ch\/fr\/qui-sommes-nous\/#primaryimage","url":"https:\/\/progena.ch\/wp-content\/uploads\/2019\/09\/Robert-Palm.jpg","contentUrl":"https:\/\/progena.ch\/wp-content\/uploads\/2019\/09\/Robert-Palm.jpg"},{"@type":"BreadcrumbList","@id":"https:\/\/progena.ch\/fr\/qui-sommes-nous\/#breadcrumb","itemListElement":[{"@type":"ListItem","position":1,"name":"Accueil","item":"https:\/\/progena.ch\/fr\/"},{"@type":"ListItem","position":2,"name":"Qui sommes-nous"}]},{"@type":"WebSite","@id":"https:\/\/progena.ch\/#website","url":"https:\/\/progena.ch\/","name":"Progena","description":"Swiss Duchenne Foundation","potentialAction":[{"@type":"SearchAction","target":{"@type":"EntryPoint","urlTemplate":"https:\/\/progena.ch\/?s={search_term_string}"},"query-input":{"@type":"PropertyValueSpecification","valueRequired":true,"valueName":"search_term_string"}}],"inLanguage":"fr-FR"}]}},"_links":{"self":[{"href":"https:\/\/progena.ch\/fr\/wp-json\/wp\/v2\/pages\/30283","targetHints":{"allow":["GET"]}}],"collection":[{"href":"https:\/\/progena.ch\/fr\/wp-json\/wp\/v2\/pages"}],"about":[{"href":"https:\/\/progena.ch\/fr\/wp-json\/wp\/v2\/types\/page"}],"author":[{"embeddable":true,"href":"https:\/\/progena.ch\/fr\/wp-json\/wp\/v2\/users\/1"}],"replies":[{"embeddable":true,"href":"https:\/\/progena.ch\/fr\/wp-json\/wp\/v2\/comments?post=30283"}],"version-history":[{"count":11,"href":"https:\/\/progena.ch\/fr\/wp-json\/wp\/v2\/pages\/30283\/revisions"}],"predecessor-version":[{"id":31534,"href":"https:\/\/progena.ch\/fr\/wp-json\/wp\/v2\/pages\/30283\/revisions\/31534"}],"wp:attachment":[{"href":"https:\/\/progena.ch\/fr\/wp-json\/wp\/v2\/media?parent=30283"}],"curies":[{"name":"wp","href":"https:\/\/api.w.org\/{rel}","templated":true}]}}