{"id":29844,"date":"2019-09-16T22:59:05","date_gmt":"2019-09-16T20:59:05","guid":{"rendered":"https:\/\/progena.ch\/behandlungsstandard-und-familienratgeber\/"},"modified":"2021-11-03T12:00:31","modified_gmt":"2021-11-03T11:00:31","slug":"standards-de-traitement-dystrophie-musculaire-duchenne","status":"publish","type":"page","link":"https:\/\/progena.ch\/fr\/standards-de-traitement-dystrophie-musculaire-duchenne\/","title":{"rendered":"Standards de traitement et conseils \u00e0 la famille"},"content":{"rendered":"<p>[et_pb_section fb_built=\u00a0\u00bb1&Prime; _builder_version=\u00a0\u00bb3.27.4&Prime; custom_padding=\u00a0\u00bb20px||||false|false\u00a0\u00bb fb_built=\u00a0\u00bb1&Prime; _i=\u00a0\u00bb0&Prime; _address=\u00a0\u00bb0&Prime;][et_pb_row column_structure=\u00a0\u00bb2_3,1_3&Prime; admin_label=\u00a0\u00bbLigne\u00a0\u00bb _builder_version=\u00a0\u00bb3.27.4&Prime; custom_padding=\u00a0\u00bb20px||||false|false\u00a0\u00bb make_fullwidth=\u00a0\u00bboff\u00a0\u00bb use_custom_width=\u00a0\u00bboff\u00a0\u00bb width_unit=\u00a0\u00bboff\u00a0\u00bb custom_width_px=\u00a0\u00bb1080px\u00a0\u00bb custom_width_percent=\u00a0\u00bb80%\u00a0\u00bb _i=\u00a0\u00bb0&Prime; _address=\u00a0\u00bb0.0&Prime;][et_pb_column type=\u00a0\u00bb2_3&Prime; _builder_version=\u00a0\u00bb3.25&Prime; custom_padding=\u00a0\u00bb|||\u00a0\u00bb _i=\u00a0\u00bb0&Prime; _address=\u00a0\u00bb0.0.0&Prime; custom_padding__hover=\u00a0\u00bb|||\u00a0\u00bb][et_pb_text _builder_version=\u00a0\u00bb3.27.4&Prime; text_orientation=\u00a0\u00bbcenter\u00a0\u00bb text_text_align=\u00a0\u00bbcenter\u00a0\u00bb _i=\u00a0\u00bb0&Prime; _address=\u00a0\u00bb0.0.0.0&Prime;]<\/p>\n<h1>Standards de traitement et conseils \u00e0 la famille<\/h1>\n<p>[\/et_pb_text][et_pb_text _builder_version=\u00a0\u00bb3.27.4&Prime; _i=\u00a0\u00bb1&Prime; _address=\u00a0\u00bb0.0.0.1&Prime;]<\/p>\n<p>Le guide familial pour les familles r\u00e9sume les r\u00e9sultats d&rsquo;un consensus international sur le traitement de la dystrophie musculaire de Duchenne (DMD). Le travail a \u00e9t\u00e9 soutenu par les US Centers for Disease Control (CDC) en collaboration avec des groupes d&rsquo;entraide et du r\u00e9seau TREAT-NMD. Le document principal a \u00e9t\u00e9 publi\u00e9 dans la revue Lancet Neurology.<\/p>\n<p>Le meilleur traitement pour la DMD n\u00e9cessite une approche multidisciplinaire. Le recours \u00e0 des sp\u00e9cialistes de diff\u00e9rents domaines doit \u00eatre coordonn\u00e9 par un m\u00e9decin exp\u00e9riment\u00e9. \u00c9tant donn\u00e9 que chaque personne atteinte de DMD est unique, le patient et sa famille devraient travailler activement avec le m\u00e9decin responsable.<\/p>\n<p>Le guide est destin\u00e9 \u00e0 fournir les informations de base permettant une collaboration efficace. Le m\u00e9decin qui coordonne le traitement doit \u00eatre conscient de tous les probl\u00e8mes possibles de la DMD. Il doit avoir acc\u00e8s aux th\u00e9rapies requises ainsi qu&rsquo;aux diff\u00e9rents sp\u00e9cialistes qui doivent \u00eatre impliqu\u00e9s dans le traitement. L&rsquo;orientation du traitement changera \u00e0 mesure que la maladie progresse. Ce guide vous guidera \u00e0 travers les diff\u00e9rents sujets et domaines du traitement de la DMD.<\/p>\n<p>[\/et_pb_text][et_pb_image src=\u00a0\u00bbhttps:\/\/progena.ch\/wp-content\/uploads\/2020\/02\/guide-fr.jpg\u00a0\u00bb url=\u00a0\u00bbhttp:\/\/www.dmd-guide.org\/fr\/\u00a0\u00bb url_new_window=\u00a0\u00bbon\u00a0\u00bb _builder_version=\u00a0\u00bb3.27.4&Prime; border_width_all=\u00a0\u00bb1px\u00a0\u00bb border_color_all=\u00a0\u00bb#efefef\u00a0\u00bb _i=\u00a0\u00bb2&Prime; _address=\u00a0\u00bb0.0.0.2&Prime;][\/et_pb_image][et_pb_text _builder_version=\u00a0\u00bb3.27.4&Prime; hover_enabled=\u00a0\u00bb0&Prime; _i=\u00a0\u00bb3&Prime; _address=\u00a0\u00bb0.0.0.3&Prime;]<\/p>\n<p>Une version r\u00e9vis\u00e9e du guide familial en fran\u00e7ais avec les derni\u00e8res normes de traitement est disponible <a href=\"\/wp-content\/uploads\/2020\/01\/MDA-DMD-family-guide_fr-final.pdf\" target=\"_blank\" rel=\"noopener noreferrer\">en t\u00e9l\u00e9chargement ici<\/a>.<\/p>\n<p>Les normes de traitement sont clairement pr\u00e9sent\u00e9es dans <a href=\"https:\/\/dmd-care.org\/videos-english\/#stage1\" target=\"_blank\" rel=\"noopener noreferrer\">ces courts clips vid\u00e9o de l&rsquo;Organisation mondiale de Duchenne<\/a>.<\/p>\n<p>[\/et_pb_text][\/et_pb_column][et_pb_column type=\u00a0\u00bb1_3&Prime; _builder_version=\u00a0\u00bb3.25&Prime; custom_padding=\u00a0\u00bb|||\u00a0\u00bb _i=\u00a0\u00bb1&Prime; _address=\u00a0\u00bb0.0.1&Prime; custom_padding__hover=\u00a0\u00bb|||\u00a0\u00bb][et_pb_sidebar area=\u00a0\u00bbet_pb_widget_area_3&Prime; _builder_version=\u00a0\u00bb3.27.4&Prime; body_font=\u00a0\u00bb|||on|||||\u00a0\u00bb body_text_align=\u00a0\u00bbright\u00a0\u00bb body_font_size=\u00a0\u00bb14px\u00a0\u00bb body_letter_spacing=\u00a0\u00bb1px\u00a0\u00bb body_line_height=\u00a0\u00bb2em\u00a0\u00bb _i=\u00a0\u00bb0&Prime; _address=\u00a0\u00bb0.0.1.0&Prime;][\/et_pb_sidebar][\/et_pb_column][\/et_pb_row][\/et_pb_section]<\/p>\n","protected":false},"excerpt":{"rendered":"<p>[et_pb_section fb_built=\u00a0\u00bb1&Prime; _builder_version=\u00a0\u00bb3.27.4&Prime; custom_padding=\u00a0\u00bb20px||||false|false\u00a0\u00bb fb_built=\u00a0\u00bb1&Prime; _i=\u00a0\u00bb0&Prime; _address=\u00a0\u00bb0&Prime;][et_pb_row column_structure=\u00a0\u00bb2_3,1_3&Prime; admin_label=\u00a0\u00bbLigne\u00a0\u00bb _builder_version=\u00a0\u00bb3.27.4&Prime; custom_padding=\u00a0\u00bb20px||||false|false\u00a0\u00bb make_fullwidth=\u00a0\u00bboff\u00a0\u00bb use_custom_width=\u00a0\u00bboff\u00a0\u00bb width_unit=\u00a0\u00bboff\u00a0\u00bb custom_width_px=\u00a0\u00bb1080px\u00a0\u00bb custom_width_percent=\u00a0\u00bb80%\u00a0\u00bb _i=\u00a0\u00bb0&Prime; _address=\u00a0\u00bb0.0&Prime;][et_pb_column type=\u00a0\u00bb2_3&Prime; _builder_version=\u00a0\u00bb3.25&Prime; custom_padding=\u00a0\u00bb|||\u00a0\u00bb _i=\u00a0\u00bb0&Prime; _address=\u00a0\u00bb0.0.0&Prime; custom_padding__hover=\u00a0\u00bb|||\u00a0\u00bb][et_pb_text _builder_version=\u00a0\u00bb3.27.4&Prime; text_orientation=\u00a0\u00bbcenter\u00a0\u00bb text_text_align=\u00a0\u00bbcenter\u00a0\u00bb _i=\u00a0\u00bb0&Prime; _address=\u00a0\u00bb0.0.0.0&Prime;] Standards de traitement et conseils \u00e0 la famille [\/et_pb_text][et_pb_text _builder_version=\u00a0\u00bb3.27.4&Prime; _i=\u00a0\u00bb1&Prime; _address=\u00a0\u00bb0.0.0.1&Prime;] Le guide familial pour les familles r\u00e9sume les r\u00e9sultats d&rsquo;un consensus international sur le [&hellip;]<\/p>\n","protected":false},"author":1,"featured_media":0,"parent":0,"menu_order":0,"comment_status":"closed","ping_status":"closed","template":"","meta":{"_et_pb_use_builder":"on","_et_pb_old_content":"","footnotes":""},"class_list":["post-29844","page","type-page","status-publish","hentry"],"yoast_head":"<!-- This site is optimized with the Yoast SEO plugin v24.3 - https:\/\/yoast.com\/wordpress\/plugins\/seo\/ -->\n<title>Standards de traitement et conseils \u00e0 la famille - Progena<\/title>\n<meta name=\"description\" content=\"Les standards internationaux de traitement de la dystrophie musculaire de Duchenne \u00e0 l&#039;attention des familles.\" \/>\n<meta name=\"robots\" content=\"index, follow, max-snippet:-1, max-image-preview:large, max-video-preview:-1\" \/>\n<link rel=\"canonical\" href=\"https:\/\/progena.ch\/fr\/standards-de-traitement-dystrophie-musculaire-duchenne\/\" \/>\n<meta property=\"og:locale\" content=\"fr_FR\" \/>\n<meta property=\"og:type\" content=\"article\" \/>\n<meta property=\"og:title\" content=\"Standards de traitement et conseils \u00e0 la famille - Progena\" \/>\n<meta property=\"og:description\" content=\"Les standards internationaux de traitement de la dystrophie musculaire de Duchenne \u00e0 l&#039;attention des familles.\" \/>\n<meta property=\"og:url\" content=\"https:\/\/progena.ch\/fr\/standards-de-traitement-dystrophie-musculaire-duchenne\/\" \/>\n<meta property=\"og:site_name\" content=\"Progena\" \/>\n<meta property=\"article:modified_time\" content=\"2021-11-03T11:00:31+00:00\" \/>\n<meta name=\"twitter:card\" content=\"summary_large_image\" \/>\n<meta name=\"twitter:label1\" content=\"Dur\u00e9e de lecture estim\u00e9e\" \/>\n\t<meta name=\"twitter:data1\" content=\"2 minutes\" \/>\n<script type=\"application\/ld+json\" class=\"yoast-schema-graph\">{\"@context\":\"https:\/\/schema.org\",\"@graph\":[{\"@type\":\"WebPage\",\"@id\":\"https:\/\/progena.ch\/fr\/standards-de-traitement-dystrophie-musculaire-duchenne\/\",\"url\":\"https:\/\/progena.ch\/fr\/standards-de-traitement-dystrophie-musculaire-duchenne\/\",\"name\":\"Standards de traitement et conseils \u00e0 la famille - Progena\",\"isPartOf\":{\"@id\":\"https:\/\/progena.ch\/#website\"},\"datePublished\":\"2019-09-16T20:59:05+00:00\",\"dateModified\":\"2021-11-03T11:00:31+00:00\",\"description\":\"Les standards internationaux de traitement de la dystrophie musculaire de Duchenne \u00e0 l'attention des familles.\",\"breadcrumb\":{\"@id\":\"https:\/\/progena.ch\/fr\/standards-de-traitement-dystrophie-musculaire-duchenne\/#breadcrumb\"},\"inLanguage\":\"fr-FR\",\"potentialAction\":[{\"@type\":\"ReadAction\",\"target\":[\"https:\/\/progena.ch\/fr\/standards-de-traitement-dystrophie-musculaire-duchenne\/\"]}]},{\"@type\":\"BreadcrumbList\",\"@id\":\"https:\/\/progena.ch\/fr\/standards-de-traitement-dystrophie-musculaire-duchenne\/#breadcrumb\",\"itemListElement\":[{\"@type\":\"ListItem\",\"position\":1,\"name\":\"Accueil\",\"item\":\"https:\/\/progena.ch\/fr\/\"},{\"@type\":\"ListItem\",\"position\":2,\"name\":\"Standards de traitement et conseils \u00e0 la famille\"}]},{\"@type\":\"WebSite\",\"@id\":\"https:\/\/progena.ch\/#website\",\"url\":\"https:\/\/progena.ch\/\",\"name\":\"Progena\",\"description\":\"Swiss Duchenne Foundation\",\"potentialAction\":[{\"@type\":\"SearchAction\",\"target\":{\"@type\":\"EntryPoint\",\"urlTemplate\":\"https:\/\/progena.ch\/?s={search_term_string}\"},\"query-input\":{\"@type\":\"PropertyValueSpecification\",\"valueRequired\":true,\"valueName\":\"search_term_string\"}}],\"inLanguage\":\"fr-FR\"}]}<\/script>\n<!-- \/ Yoast SEO plugin. -->","yoast_head_json":{"title":"Standards de traitement et conseils \u00e0 la famille - Progena","description":"Les standards internationaux de traitement de la dystrophie musculaire de Duchenne \u00e0 l'attention des familles.","robots":{"index":"index","follow":"follow","max-snippet":"max-snippet:-1","max-image-preview":"max-image-preview:large","max-video-preview":"max-video-preview:-1"},"canonical":"https:\/\/progena.ch\/fr\/standards-de-traitement-dystrophie-musculaire-duchenne\/","og_locale":"fr_FR","og_type":"article","og_title":"Standards de traitement et conseils \u00e0 la famille - Progena","og_description":"Les standards internationaux de traitement de la dystrophie musculaire de Duchenne \u00e0 l'attention des familles.","og_url":"https:\/\/progena.ch\/fr\/standards-de-traitement-dystrophie-musculaire-duchenne\/","og_site_name":"Progena","article_modified_time":"2021-11-03T11:00:31+00:00","twitter_card":"summary_large_image","twitter_misc":{"Dur\u00e9e de lecture estim\u00e9e":"2 minutes"},"schema":{"@context":"https:\/\/schema.org","@graph":[{"@type":"WebPage","@id":"https:\/\/progena.ch\/fr\/standards-de-traitement-dystrophie-musculaire-duchenne\/","url":"https:\/\/progena.ch\/fr\/standards-de-traitement-dystrophie-musculaire-duchenne\/","name":"Standards de traitement et conseils \u00e0 la famille - Progena","isPartOf":{"@id":"https:\/\/progena.ch\/#website"},"datePublished":"2019-09-16T20:59:05+00:00","dateModified":"2021-11-03T11:00:31+00:00","description":"Les standards internationaux de traitement de la dystrophie musculaire de Duchenne \u00e0 l'attention des familles.","breadcrumb":{"@id":"https:\/\/progena.ch\/fr\/standards-de-traitement-dystrophie-musculaire-duchenne\/#breadcrumb"},"inLanguage":"fr-FR","potentialAction":[{"@type":"ReadAction","target":["https:\/\/progena.ch\/fr\/standards-de-traitement-dystrophie-musculaire-duchenne\/"]}]},{"@type":"BreadcrumbList","@id":"https:\/\/progena.ch\/fr\/standards-de-traitement-dystrophie-musculaire-duchenne\/#breadcrumb","itemListElement":[{"@type":"ListItem","position":1,"name":"Accueil","item":"https:\/\/progena.ch\/fr\/"},{"@type":"ListItem","position":2,"name":"Standards de traitement et conseils \u00e0 la famille"}]},{"@type":"WebSite","@id":"https:\/\/progena.ch\/#website","url":"https:\/\/progena.ch\/","name":"Progena","description":"Swiss Duchenne Foundation","potentialAction":[{"@type":"SearchAction","target":{"@type":"EntryPoint","urlTemplate":"https:\/\/progena.ch\/?s={search_term_string}"},"query-input":{"@type":"PropertyValueSpecification","valueRequired":true,"valueName":"search_term_string"}}],"inLanguage":"fr-FR"}]}},"_links":{"self":[{"href":"https:\/\/progena.ch\/fr\/wp-json\/wp\/v2\/pages\/29844","targetHints":{"allow":["GET"]}}],"collection":[{"href":"https:\/\/progena.ch\/fr\/wp-json\/wp\/v2\/pages"}],"about":[{"href":"https:\/\/progena.ch\/fr\/wp-json\/wp\/v2\/types\/page"}],"author":[{"embeddable":true,"href":"https:\/\/progena.ch\/fr\/wp-json\/wp\/v2\/users\/1"}],"replies":[{"embeddable":true,"href":"https:\/\/progena.ch\/fr\/wp-json\/wp\/v2\/comments?post=29844"}],"version-history":[{"count":9,"href":"https:\/\/progena.ch\/fr\/wp-json\/wp\/v2\/pages\/29844\/revisions"}],"predecessor-version":[{"id":30786,"href":"https:\/\/progena.ch\/fr\/wp-json\/wp\/v2\/pages\/29844\/revisions\/30786"}],"wp:attachment":[{"href":"https:\/\/progena.ch\/fr\/wp-json\/wp\/v2\/media?parent=29844"}],"curies":[{"name":"wp","href":"https:\/\/api.w.org\/{rel}","templated":true}]}}