{"id":29838,"date":"2019-09-16T23:20:34","date_gmt":"2019-09-16T21:20:34","guid":{"rendered":"https:\/\/progena.ch\/klinische-studien\/"},"modified":"2020-03-08T21:40:33","modified_gmt":"2020-03-08T20:40:33","slug":"klinische-studien","status":"publish","type":"page","link":"https:\/\/progena.ch\/fr\/klinische-studien\/","title":{"rendered":"Essais cliniques"},"content":{"rendered":"\n[et_pb_section fb_built=\u00a0\u00bb1&Prime; _builder_version=\u00a0\u00bb3.27.4&Prime; custom_padding=\u00a0\u00bb20px||||false|false\u00a0\u00bb fb_built=\u00a0\u00bb1&Prime; _i=\u00a0\u00bb0&Prime; _address=\u00a0\u00bb0&Prime;][et_pb_row column_structure=\u00a0\u00bb2_3,1_3&Prime; admin_label=\u00a0\u00bbLigne\u00a0\u00bb _builder_version=\u00a0\u00bb3.27.4&Prime; custom_padding=\u00a0\u00bb20px||||false|false\u00a0\u00bb hover_enabled=\u00a0\u00bb0&Prime; make_fullwidth=\u00a0\u00bboff\u00a0\u00bb use_custom_width=\u00a0\u00bboff\u00a0\u00bb width_unit=\u00a0\u00bboff\u00a0\u00bb custom_width_px=\u00a0\u00bb1080px\u00a0\u00bb custom_width_percent=\u00a0\u00bb80%\u00a0\u00bb _i=\u00a0\u00bb0&Prime; _address=\u00a0\u00bb0.0&Prime;][et_pb_column type=\u00a0\u00bb2_3&Prime; _builder_version=\u00a0\u00bb3.25&Prime; custom_padding=\u00a0\u00bb|||\u00a0\u00bb _i=\u00a0\u00bb0&Prime; _address=\u00a0\u00bb0.0.0&Prime; custom_padding__hover=\u00a0\u00bb|||\u00a0\u00bb][et_pb_text _builder_version=\u00a0\u00bb3.27.4&Prime; text_orientation=\u00a0\u00bbcenter\u00a0\u00bb custom_margin=\u00a0\u00bb||22px|||\u00a0\u00bb hover_enabled=\u00a0\u00bb0&Prime; text_text_align=\u00a0\u00bbcenter\u00a0\u00bb _i=\u00a0\u00bb0&Prime; _address=\u00a0\u00bb0.0.0.0&Prime;]<h1 style=\"text-align: left;\">Essais cliniques<\/h1>[\/et_pb_text][et_pb_image src=\u00a0\u00bbhttps:\/\/progena.ch\/wp-content\/uploads\/2019\/09\/kinische_studien.jpg\u00a0\u00bb _builder_version=\u00a0\u00bb3.27.4&Prime; _i=\u00a0\u00bb1&Prime; _address=\u00a0\u00bb0.0.0.1&Prime;][\/et_pb_image][et_pb_text _builder_version=\u00a0\u00bb3.27.4&Prime; hover_enabled=\u00a0\u00bb0&Prime; _i=\u00a0\u00bb2&Prime; _address=\u00a0\u00bb0.0.0.2&Prime;]<p>Avant que de nouvelles id\u00e9es ou connaissances m\u00e9dicales puissent \u00eatre utilis\u00e9es dans des traitements ou des diagnostics de routine, elles doivent \u00eatre scientifiquement v\u00e9rifi\u00e9es. Ceci a lieu dans le cadre d&rsquo;essais cliniques. L&rsquo;efficacit\u00e9, la s\u00e9curit\u00e9 et la qualit\u00e9 des nouveaux m\u00e9dicaments et dispositifs m\u00e9dicaux ainsi que des proc\u00e9dures diagnostiques et th\u00e9rapeutiques ne peuvent \u00eatre \u00e9valu\u00e9es que si des essais cliniques soigneusement orchestr\u00e9s sont men\u00e9s. Les essais cliniques fournissent \u00e9galement des informations sur les causes et l&rsquo;\u00e9volution des maladies. Des progr\u00e8s ont \u00e9t\u00e9 r\u00e9alis\u00e9s dans le domaine de la m\u00e9decine dans la DMD ces derni\u00e8res ann\u00e9es, mais il n&rsquo;y a toujours pas de traitements satisfaisants. Des activit\u00e9s de recherche m\u00e9dicale intensives et \u00e9tendues sont encore et toujours n\u00e9cessaires.<br \/> Vous trouverez des informations d\u00e9taill\u00e9es sur le d\u00e9roulement d\u2019un essai clinique en suivant <a href=\"https:\/\/www.amgen.ch\/fr-ch\/science\/clinical-trials\/\" target=\"_blank\" rel=\"noopener noreferrer\">ce lien<\/a>\u00a0<\/p>\n<p>Les <a href=\"https:\/\/clinicaltrials.gov\/ct2\/results?recrs=ab&amp;cond=Duchenne+Muscular+Dystrophy&amp;term=&amp;cntry=CH&amp;state=&amp;city=&amp;dist=\" target=\"_blank\" rel=\"noopener noreferrer\">essais cliniques suivants<\/a> pour les patients atteints de DMD sont en cours en Suisse.<\/p>\n<p>Les patients pour les \u00e9tudes en Suisse sont recherch\u00e9s et contact\u00e9s via le <a href=\"https:\/\/www.swiss-reg-nmd.ch\/registre-suisse-des-maladies-neuromusculaires\/\" target=\"_blank\" rel=\"noopener noreferrer\">Registre suisse des patients<\/a>. Vous pouvez \u00e9galement devenir actif \u00e0 tout moment et vous pr\u00e9senter au centre d&rsquo;\u00e9tudes si vous souhaitez participer \u00e0 une \u00e9tude avec votre fils.<br \/> <a href=\"https:\/\/www.siderosdmd.com\/?lang=fr\" target=\"_blank\" rel=\"noopener noreferrer\">Informations sur l&rsquo;\u00e9tude SIDEROS en fran\u00e7ais<\/a>.<br \/> <a href=\"https:\/\/www.tamdmd.ch\" target=\"_blank\" rel=\"noopener noreferrer\">Informations sur l&rsquo;\u00e9tude Tamoxif\u00e8ne en anglais<\/a>.<\/p>\n<p>Les patients suisses peuvent tout \u00e0 fait participer \u00e0 des \u00e9tudes \u00e0 l&rsquo;\u00e9tranger. Veuillez contacter le centre d&rsquo;\u00e9tudes directement avec votre demande.<br \/> Vous pouvez trouver des \u00e9tudes internationales <a href=\"https:\/\/clinicaltrials.gov\/ct2\/results?cond=duchenne+muscular+dystrophy&amp;term=&amp;cntry=&amp;state=&amp;city=&amp;dist=\" target=\"_blank\" rel=\"noopener noreferrer\">ici<\/a>.\u00a0<\/p>\n<p>Vous pouvez affiner votre recherche en entrant \u00ab\u00a0Duchenne Muscular Dystrophy\u00a0\u00bb et \u00ab\u00a0Country\u00a0\u00bb par exemple \u00ab\u00a0France\u00a0\u00bb si vous cherchez une \u00e9tude en France.<br \/> Veuillez noter que la participation \u00e0 un essai clinique ne repr\u00e9sente jamais un v\u00e9ritable traitement pour l&rsquo;enfant \u2013 cependant, il y a une chance que l&rsquo;enfant re\u00e7oive la substance active et l&rsquo;effet souhait\u00e9 pourrait \u00eatre atteint, selon la phase et la structure de l&rsquo;\u00e9tude.<br \/> Un essai clinique dure g\u00e9n\u00e9ralement plusieurs ann\u00e9es. R\u00e9fl\u00e9chissez bien \u00e0 votre situation familiale. Comment organisez-vous le travail, l\u2019attention aux fr\u00e8res et s\u0153urs, les absences scolaires, les vacances et autres rendez-vous? Souhaitez-vous parler \u00e0 quelqu&rsquo;un qui a de l&rsquo;exp\u00e9rience dans les essais cliniques? Contactez Robert Palm, <a href=\"mailto:r.palm@progena.ch\">r.palm@progena.ch<\/a><\/p>\n[\/et_pb_text][\/et_pb_column][et_pb_column type=\u00a0\u00bb1_3&Prime; _builder_version=\u00a0\u00bb3.25&Prime; custom_padding=\u00a0\u00bb|||\u00a0\u00bb _i=\u00a0\u00bb1&Prime; _address=\u00a0\u00bb0.0.1&Prime; custom_padding__hover=\u00a0\u00bb|||\u00a0\u00bb][et_pb_sidebar area=\u00a0\u00bbet_pb_widget_area_3&Prime; _builder_version=\u00a0\u00bb3.27.4&Prime; body_font=\u00a0\u00bb|||on|||||\u00a0\u00bb body_text_align=\u00a0\u00bbright\u00a0\u00bb body_font_size=\u00a0\u00bb14px\u00a0\u00bb body_letter_spacing=\u00a0\u00bb1px\u00a0\u00bb body_line_height=\u00a0\u00bb2em\u00a0\u00bb _i=\u00a0\u00bb0&Prime; _address=\u00a0\u00bb0.0.1.0&Prime;][\/et_pb_sidebar][\/et_pb_column][\/et_pb_row][\/et_pb_section]\n","protected":false},"excerpt":{"rendered":"","protected":false},"author":1,"featured_media":0,"parent":0,"menu_order":0,"comment_status":"closed","ping_status":"closed","template":"","meta":{"_et_pb_use_builder":"on","_et_pb_old_content":"","footnotes":""},"class_list":["post-29838","page","type-page","status-publish","hentry"],"yoast_head":"<!-- This site is optimized with the Yoast SEO plugin v24.3 - https:\/\/yoast.com\/wordpress\/plugins\/seo\/ -->\n<title>Essais cliniques - Progena<\/title>\n<meta name=\"robots\" content=\"index, follow, max-snippet:-1, max-image-preview:large, max-video-preview:-1\" \/>\n<link rel=\"canonical\" href=\"https:\/\/progena.ch\/fr\/klinische-studien\/\" \/>\n<meta property=\"og:locale\" content=\"fr_FR\" \/>\n<meta property=\"og:type\" content=\"article\" \/>\n<meta property=\"og:title\" content=\"Essais cliniques - Progena\" \/>\n<meta property=\"og:url\" content=\"https:\/\/progena.ch\/fr\/klinische-studien\/\" \/>\n<meta property=\"og:site_name\" content=\"Progena\" \/>\n<meta property=\"article:modified_time\" content=\"2020-03-08T20:40:33+00:00\" \/>\n<meta name=\"twitter:card\" content=\"summary_large_image\" \/>\n<meta name=\"twitter:label1\" content=\"Dur\u00e9e de lecture estim\u00e9e\" \/>\n\t<meta name=\"twitter:data1\" content=\"3 minutes\" \/>\n<script type=\"application\/ld+json\" class=\"yoast-schema-graph\">{\"@context\":\"https:\/\/schema.org\",\"@graph\":[{\"@type\":\"WebPage\",\"@id\":\"https:\/\/progena.ch\/fr\/klinische-studien\/\",\"url\":\"https:\/\/progena.ch\/fr\/klinische-studien\/\",\"name\":\"Essais cliniques - Progena\",\"isPartOf\":{\"@id\":\"https:\/\/progena.ch\/#website\"},\"datePublished\":\"2019-09-16T21:20:34+00:00\",\"dateModified\":\"2020-03-08T20:40:33+00:00\",\"breadcrumb\":{\"@id\":\"https:\/\/progena.ch\/fr\/klinische-studien\/#breadcrumb\"},\"inLanguage\":\"fr-FR\",\"potentialAction\":[{\"@type\":\"ReadAction\",\"target\":[\"https:\/\/progena.ch\/fr\/klinische-studien\/\"]}]},{\"@type\":\"BreadcrumbList\",\"@id\":\"https:\/\/progena.ch\/fr\/klinische-studien\/#breadcrumb\",\"itemListElement\":[{\"@type\":\"ListItem\",\"position\":1,\"name\":\"Accueil\",\"item\":\"https:\/\/progena.ch\/fr\/\"},{\"@type\":\"ListItem\",\"position\":2,\"name\":\"Essais cliniques\"}]},{\"@type\":\"WebSite\",\"@id\":\"https:\/\/progena.ch\/#website\",\"url\":\"https:\/\/progena.ch\/\",\"name\":\"Progena\",\"description\":\"Swiss Duchenne Foundation\",\"potentialAction\":[{\"@type\":\"SearchAction\",\"target\":{\"@type\":\"EntryPoint\",\"urlTemplate\":\"https:\/\/progena.ch\/?s={search_term_string}\"},\"query-input\":{\"@type\":\"PropertyValueSpecification\",\"valueRequired\":true,\"valueName\":\"search_term_string\"}}],\"inLanguage\":\"fr-FR\"}]}<\/script>\n<!-- \/ Yoast SEO plugin. -->","yoast_head_json":{"title":"Essais cliniques - Progena","robots":{"index":"index","follow":"follow","max-snippet":"max-snippet:-1","max-image-preview":"max-image-preview:large","max-video-preview":"max-video-preview:-1"},"canonical":"https:\/\/progena.ch\/fr\/klinische-studien\/","og_locale":"fr_FR","og_type":"article","og_title":"Essais cliniques - Progena","og_url":"https:\/\/progena.ch\/fr\/klinische-studien\/","og_site_name":"Progena","article_modified_time":"2020-03-08T20:40:33+00:00","twitter_card":"summary_large_image","twitter_misc":{"Dur\u00e9e de lecture estim\u00e9e":"3 minutes"},"schema":{"@context":"https:\/\/schema.org","@graph":[{"@type":"WebPage","@id":"https:\/\/progena.ch\/fr\/klinische-studien\/","url":"https:\/\/progena.ch\/fr\/klinische-studien\/","name":"Essais cliniques - Progena","isPartOf":{"@id":"https:\/\/progena.ch\/#website"},"datePublished":"2019-09-16T21:20:34+00:00","dateModified":"2020-03-08T20:40:33+00:00","breadcrumb":{"@id":"https:\/\/progena.ch\/fr\/klinische-studien\/#breadcrumb"},"inLanguage":"fr-FR","potentialAction":[{"@type":"ReadAction","target":["https:\/\/progena.ch\/fr\/klinische-studien\/"]}]},{"@type":"BreadcrumbList","@id":"https:\/\/progena.ch\/fr\/klinische-studien\/#breadcrumb","itemListElement":[{"@type":"ListItem","position":1,"name":"Accueil","item":"https:\/\/progena.ch\/fr\/"},{"@type":"ListItem","position":2,"name":"Essais cliniques"}]},{"@type":"WebSite","@id":"https:\/\/progena.ch\/#website","url":"https:\/\/progena.ch\/","name":"Progena","description":"Swiss Duchenne Foundation","potentialAction":[{"@type":"SearchAction","target":{"@type":"EntryPoint","urlTemplate":"https:\/\/progena.ch\/?s={search_term_string}"},"query-input":{"@type":"PropertyValueSpecification","valueRequired":true,"valueName":"search_term_string"}}],"inLanguage":"fr-FR"}]}},"_links":{"self":[{"href":"https:\/\/progena.ch\/fr\/wp-json\/wp\/v2\/pages\/29838","targetHints":{"allow":["GET"]}}],"collection":[{"href":"https:\/\/progena.ch\/fr\/wp-json\/wp\/v2\/pages"}],"about":[{"href":"https:\/\/progena.ch\/fr\/wp-json\/wp\/v2\/types\/page"}],"author":[{"embeddable":true,"href":"https:\/\/progena.ch\/fr\/wp-json\/wp\/v2\/users\/1"}],"replies":[{"embeddable":true,"href":"https:\/\/progena.ch\/fr\/wp-json\/wp\/v2\/comments?post=29838"}],"version-history":[{"count":7,"href":"https:\/\/progena.ch\/fr\/wp-json\/wp\/v2\/pages\/29838\/revisions"}],"predecessor-version":[{"id":30336,"href":"https:\/\/progena.ch\/fr\/wp-json\/wp\/v2\/pages\/29838\/revisions\/30336"}],"wp:attachment":[{"href":"https:\/\/progena.ch\/fr\/wp-json\/wp\/v2\/media?parent=29838"}],"curies":[{"name":"wp","href":"https:\/\/api.w.org\/{rel}","templated":true}]}}