{"id":29837,"date":"2019-09-16T23:08:58","date_gmt":"2019-09-16T21:08:58","guid":{"rendered":"https:\/\/progena.ch\/forschung\/"},"modified":"2022-01-16T20:13:56","modified_gmt":"2022-01-16T19:13:56","slug":"recherche","status":"publish","type":"page","link":"https:\/\/progena.ch\/fr\/recherche\/","title":{"rendered":"Recherche"},"content":{"rendered":"<p>[et_pb_section fb_built=\u00a0\u00bb1&Prime; _builder_version=\u00a0\u00bb3.27.4&Prime; custom_padding=\u00a0\u00bb20px||||false|false\u00a0\u00bb fb_built=\u00a0\u00bb1&Prime; _i=\u00a0\u00bb0&Prime; _address=\u00a0\u00bb0&Prime;][et_pb_row column_structure=\u00a0\u00bb2_3,1_3&Prime; admin_label=\u00a0\u00bbLigne\u00a0\u00bb _builder_version=\u00a0\u00bb3.27.4&Prime; custom_padding=\u00a0\u00bb20px||||false|false\u00a0\u00bb make_fullwidth=\u00a0\u00bboff\u00a0\u00bb use_custom_width=\u00a0\u00bboff\u00a0\u00bb width_unit=\u00a0\u00bboff\u00a0\u00bb custom_width_px=\u00a0\u00bb1080px\u00a0\u00bb custom_width_percent=\u00a0\u00bb80%\u00a0\u00bb _i=\u00a0\u00bb0&Prime; _address=\u00a0\u00bb0.0&Prime;][et_pb_column type=\u00a0\u00bb2_3&Prime; _builder_version=\u00a0\u00bb3.25&Prime; custom_padding=\u00a0\u00bb|||\u00a0\u00bb _i=\u00a0\u00bb0&Prime; _address=\u00a0\u00bb0.0.0&Prime; custom_padding__hover=\u00a0\u00bb|||\u00a0\u00bb][et_pb_text _builder_version=\u00a0\u00bb3.27.4&Prime; text_orientation=\u00a0\u00bbcenter\u00a0\u00bb custom_margin=\u00a0\u00bb||1px|||\u00a0\u00bb text_text_align=\u00a0\u00bbcenter\u00a0\u00bb _i=\u00a0\u00bb0&Prime; _address=\u00a0\u00bb0.0.0.0&Prime;]<\/p>\n<h1 style=\"text-align: left;\"> La recherche <\/h1>\n<h2 style=\"text-align: left;\"> Le chemin vers un nouveau m\u00e9dicament est long <\/h2>\n<p>[\/et_pb_text][et_pb_image src=\u00a0\u00bbhttps:\/\/progena.ch\/wp-content\/uploads\/2019\/09\/forschung.png\u00a0\u00bb align=\u00a0\u00bbcenter\u00a0\u00bb _builder_version=\u00a0\u00bb3.27.4&Prime; min_height=\u00a0\u00bb324px\u00a0\u00bb custom_margin=\u00a0\u00bb||57px|||\u00a0\u00bb _i=\u00a0\u00bb1&Prime; _address=\u00a0\u00bb0.0.0.1&Prime;][\/et_pb_image][et_pb_text _builder_version=\u00a0\u00bb3.27.4&Prime; _i=\u00a0\u00bb2&Prime; _address=\u00a0\u00bb0.0.0.2&Prime;]<\/p>\n<p>Avec l&rsquo;aimable autorisation du<a href=\"http:\/\/parentproject.it\" target=\"_blank\" rel=\"noopener noreferrer\"> Parent Project onlus<\/a>, Italie, nous sommes autoris\u00e9s \u00e0 publier cette chronologie.<br \/> Les grandes perc\u00e9es sont l&rsquo;exception dans la recherche, et de nombreuses petites avanc\u00e9es sont la r\u00e8gle. Cela est particuli\u00e8rement vrai pour les maladies rares. En savoir plus sur <a href=\"https:\/\/www.interpharma.ch\/themen\/a-la-pointe-de-la-recherche-et-developpement\/le-long-chemin-vers-un-medicament\/?lang=fr\" target=\"_blank\" rel=\"noopener noreferrer\">le long chemin vers un nouveau m\u00e9dicament<\/a>.\u00a0<\/p>\n<p>Dans le site de la <a href=\"http:\/\/www.fsrmm.ch\/fr\/home\/\" target=\"_blank\" rel=\"noopener noreferrer\">FSRMM<\/a>\u00a0 vous trouverez de plus amples informations sur la recherche contre les maladies musculaires en Suisse.<\/p>\n<p>Les diff\u00e9rentes mutations et les approches de recherche correspondantes constituent un d\u00e9fi pour la dystrophie musculaire de Duchenne. Dans ce rapport de TREAT-NMD (fichier DMD research overview March 2018 update), vous trouverez un aper\u00e7u.<\/p>\n<p>Cette vid\u00e9o de la Fondation suisse pour la recherche sur les maladies musculaires donne un bon aper\u00e7u de la recherche sur les maladies musculaires:<\/p>\n<p>[\/et_pb_text][et_pb_video src=\u00a0\u00bbhttps:\/\/youtu.be\/CDHDPsQY-rY\u00a0\u00bb thumbnail_overlay_color=\u00a0\u00bbrgba(0,0,0,0.6)\u00a0\u00bb _builder_version=\u00a0\u00bb3.27.4&Prime; _i=\u00a0\u00bb3&Prime; _address=\u00a0\u00bb0.0.0.3&Prime;][\/et_pb_video][\/et_pb_column][et_pb_column type=\u00a0\u00bb1_3&Prime; _builder_version=\u00a0\u00bb3.25&Prime; custom_padding=\u00a0\u00bb|||\u00a0\u00bb _i=\u00a0\u00bb1&Prime; _address=\u00a0\u00bb0.0.1&Prime; custom_padding__hover=\u00a0\u00bb|||\u00a0\u00bb][et_pb_sidebar area=\u00a0\u00bbet_pb_widget_area_3&Prime; _builder_version=\u00a0\u00bb3.27.4&Prime; body_font=\u00a0\u00bb|||on|||||\u00a0\u00bb body_text_align=\u00a0\u00bbright\u00a0\u00bb body_font_size=\u00a0\u00bb14px\u00a0\u00bb body_letter_spacing=\u00a0\u00bb1px\u00a0\u00bb body_line_height=\u00a0\u00bb2em\u00a0\u00bb _i=\u00a0\u00bb0&Prime; _address=\u00a0\u00bb0.0.1.0&Prime;][\/et_pb_sidebar][\/et_pb_column][\/et_pb_row][\/et_pb_section]<\/p>\n","protected":false},"excerpt":{"rendered":"<p>[et_pb_section fb_built=\u00a0\u00bb1&Prime; _builder_version=\u00a0\u00bb3.27.4&Prime; custom_padding=\u00a0\u00bb20px||||false|false\u00a0\u00bb fb_built=\u00a0\u00bb1&Prime; _i=\u00a0\u00bb0&Prime; _address=\u00a0\u00bb0&Prime;][et_pb_row column_structure=\u00a0\u00bb2_3,1_3&Prime; admin_label=\u00a0\u00bbLigne\u00a0\u00bb _builder_version=\u00a0\u00bb3.27.4&Prime; custom_padding=\u00a0\u00bb20px||||false|false\u00a0\u00bb make_fullwidth=\u00a0\u00bboff\u00a0\u00bb use_custom_width=\u00a0\u00bboff\u00a0\u00bb width_unit=\u00a0\u00bboff\u00a0\u00bb custom_width_px=\u00a0\u00bb1080px\u00a0\u00bb custom_width_percent=\u00a0\u00bb80%\u00a0\u00bb _i=\u00a0\u00bb0&Prime; _address=\u00a0\u00bb0.0&Prime;][et_pb_column type=\u00a0\u00bb2_3&Prime; _builder_version=\u00a0\u00bb3.25&Prime; custom_padding=\u00a0\u00bb|||\u00a0\u00bb _i=\u00a0\u00bb0&Prime; _address=\u00a0\u00bb0.0.0&Prime; custom_padding__hover=\u00a0\u00bb|||\u00a0\u00bb][et_pb_text _builder_version=\u00a0\u00bb3.27.4&Prime; text_orientation=\u00a0\u00bbcenter\u00a0\u00bb custom_margin=\u00a0\u00bb||1px|||\u00a0\u00bb text_text_align=\u00a0\u00bbcenter\u00a0\u00bb _i=\u00a0\u00bb0&Prime; _address=\u00a0\u00bb0.0.0.0&Prime;] La recherche Le chemin vers un nouveau m\u00e9dicament est long [\/et_pb_text][et_pb_image src=\u00a0\u00bbhttps:\/\/progena.ch\/wp-content\/uploads\/2019\/09\/forschung.png\u00a0\u00bb align=\u00a0\u00bbcenter\u00a0\u00bb _builder_version=\u00a0\u00bb3.27.4&Prime; min_height=\u00a0\u00bb324px\u00a0\u00bb custom_margin=\u00a0\u00bb||57px|||\u00a0\u00bb _i=\u00a0\u00bb1&Prime; _address=\u00a0\u00bb0.0.0.1&Prime;][\/et_pb_image][et_pb_text _builder_version=\u00a0\u00bb3.27.4&Prime; _i=\u00a0\u00bb2&Prime; _address=\u00a0\u00bb0.0.0.2&Prime;] Avec l&rsquo;aimable autorisation du [&hellip;]<\/p>\n","protected":false},"author":3,"featured_media":0,"parent":0,"menu_order":0,"comment_status":"closed","ping_status":"closed","template":"","meta":{"_et_pb_use_builder":"on","_et_pb_old_content":"","footnotes":""},"class_list":["post-29837","page","type-page","status-publish","hentry"],"yoast_head":"<!-- This site is optimized with the Yoast SEO plugin v24.3 - https:\/\/yoast.com\/wordpress\/plugins\/seo\/ -->\n<title>Recherche - Progena<\/title>\n<meta name=\"robots\" content=\"index, follow, max-snippet:-1, max-image-preview:large, max-video-preview:-1\" \/>\n<link rel=\"canonical\" href=\"https:\/\/progena.ch\/fr\/recherche\/\" \/>\n<meta property=\"og:locale\" content=\"fr_FR\" \/>\n<meta property=\"og:type\" content=\"article\" \/>\n<meta property=\"og:title\" content=\"Recherche - Progena\" \/>\n<meta property=\"og:description\" content=\"[et_pb_section fb_built=\u00a0\u00bb1&Prime; _builder_version=\u00a0\u00bb3.27.4&Prime; custom_padding=\u00a0\u00bb20px||||false|false\u00a0\u00bb fb_built=\u00a0\u00bb1&Prime; _i=\u00a0\u00bb0&Prime; _address=\u00a0\u00bb0&Prime;][et_pb_row column_structure=\u00a0\u00bb2_3,1_3&Prime; admin_label=\u00a0\u00bbLigne\u00a0\u00bb _builder_version=\u00a0\u00bb3.27.4&Prime; custom_padding=\u00a0\u00bb20px||||false|false\u00a0\u00bb make_fullwidth=\u00a0\u00bboff\u00a0\u00bb use_custom_width=\u00a0\u00bboff\u00a0\u00bb width_unit=\u00a0\u00bboff\u00a0\u00bb custom_width_px=\u00a0\u00bb1080px\u00a0\u00bb custom_width_percent=\u00a0\u00bb80%\u00a0\u00bb _i=\u00a0\u00bb0&Prime; _address=\u00a0\u00bb0.0&Prime;][et_pb_column type=\u00a0\u00bb2_3&Prime; _builder_version=\u00a0\u00bb3.25&Prime; custom_padding=\u00a0\u00bb|||\u00a0\u00bb _i=\u00a0\u00bb0&Prime; _address=\u00a0\u00bb0.0.0&Prime; custom_padding__hover=\u00a0\u00bb|||\u00a0\u00bb][et_pb_text _builder_version=\u00a0\u00bb3.27.4&Prime; text_orientation=\u00a0\u00bbcenter\u00a0\u00bb custom_margin=\u00a0\u00bb||1px|||\u00a0\u00bb text_text_align=\u00a0\u00bbcenter\u00a0\u00bb _i=\u00a0\u00bb0&Prime; _address=\u00a0\u00bb0.0.0.0&Prime;] La recherche Le chemin vers un nouveau m\u00e9dicament est long [\/et_pb_text][et_pb_image src=\u00a0\u00bbhttps:\/\/progena.ch\/wp-content\/uploads\/2019\/09\/forschung.png\u00a0\u00bb align=\u00a0\u00bbcenter\u00a0\u00bb _builder_version=\u00a0\u00bb3.27.4&Prime; min_height=\u00a0\u00bb324px\u00a0\u00bb custom_margin=\u00a0\u00bb||57px|||\u00a0\u00bb _i=\u00a0\u00bb1&Prime; _address=\u00a0\u00bb0.0.0.1&Prime;][\/et_pb_image][et_pb_text _builder_version=\u00a0\u00bb3.27.4&Prime; _i=\u00a0\u00bb2&Prime; _address=\u00a0\u00bb0.0.0.2&Prime;] Avec l&rsquo;aimable autorisation du [&hellip;]\" \/>\n<meta property=\"og:url\" content=\"https:\/\/progena.ch\/fr\/recherche\/\" \/>\n<meta property=\"og:site_name\" content=\"Progena\" \/>\n<meta property=\"article:modified_time\" content=\"2022-01-16T19:13:56+00:00\" \/>\n<meta name=\"twitter:card\" content=\"summary_large_image\" \/>\n<meta name=\"twitter:label1\" content=\"Dur\u00e9e de lecture estim\u00e9e\" \/>\n\t<meta name=\"twitter:data1\" content=\"2 minutes\" \/>\n<script type=\"application\/ld+json\" class=\"yoast-schema-graph\">{\"@context\":\"https:\/\/schema.org\",\"@graph\":[{\"@type\":\"WebPage\",\"@id\":\"https:\/\/progena.ch\/fr\/recherche\/\",\"url\":\"https:\/\/progena.ch\/fr\/recherche\/\",\"name\":\"Recherche - Progena\",\"isPartOf\":{\"@id\":\"https:\/\/progena.ch\/#website\"},\"datePublished\":\"2019-09-16T21:08:58+00:00\",\"dateModified\":\"2022-01-16T19:13:56+00:00\",\"breadcrumb\":{\"@id\":\"https:\/\/progena.ch\/fr\/recherche\/#breadcrumb\"},\"inLanguage\":\"fr-FR\",\"potentialAction\":[{\"@type\":\"ReadAction\",\"target\":[\"https:\/\/progena.ch\/fr\/recherche\/\"]}]},{\"@type\":\"BreadcrumbList\",\"@id\":\"https:\/\/progena.ch\/fr\/recherche\/#breadcrumb\",\"itemListElement\":[{\"@type\":\"ListItem\",\"position\":1,\"name\":\"Accueil\",\"item\":\"https:\/\/progena.ch\/fr\/\"},{\"@type\":\"ListItem\",\"position\":2,\"name\":\"Recherche\"}]},{\"@type\":\"WebSite\",\"@id\":\"https:\/\/progena.ch\/#website\",\"url\":\"https:\/\/progena.ch\/\",\"name\":\"Progena\",\"description\":\"Swiss Duchenne Foundation\",\"potentialAction\":[{\"@type\":\"SearchAction\",\"target\":{\"@type\":\"EntryPoint\",\"urlTemplate\":\"https:\/\/progena.ch\/?s={search_term_string}\"},\"query-input\":{\"@type\":\"PropertyValueSpecification\",\"valueRequired\":true,\"valueName\":\"search_term_string\"}}],\"inLanguage\":\"fr-FR\"}]}<\/script>\n<!-- \/ Yoast SEO plugin. -->","yoast_head_json":{"title":"Recherche - Progena","robots":{"index":"index","follow":"follow","max-snippet":"max-snippet:-1","max-image-preview":"max-image-preview:large","max-video-preview":"max-video-preview:-1"},"canonical":"https:\/\/progena.ch\/fr\/recherche\/","og_locale":"fr_FR","og_type":"article","og_title":"Recherche - Progena","og_description":"[et_pb_section fb_built=\u00a0\u00bb1&Prime; _builder_version=\u00a0\u00bb3.27.4&Prime; custom_padding=\u00a0\u00bb20px||||false|false\u00a0\u00bb fb_built=\u00a0\u00bb1&Prime; _i=\u00a0\u00bb0&Prime; _address=\u00a0\u00bb0&Prime;][et_pb_row column_structure=\u00a0\u00bb2_3,1_3&Prime; admin_label=\u00a0\u00bbLigne\u00a0\u00bb _builder_version=\u00a0\u00bb3.27.4&Prime; custom_padding=\u00a0\u00bb20px||||false|false\u00a0\u00bb make_fullwidth=\u00a0\u00bboff\u00a0\u00bb use_custom_width=\u00a0\u00bboff\u00a0\u00bb width_unit=\u00a0\u00bboff\u00a0\u00bb custom_width_px=\u00a0\u00bb1080px\u00a0\u00bb custom_width_percent=\u00a0\u00bb80%\u00a0\u00bb _i=\u00a0\u00bb0&Prime; _address=\u00a0\u00bb0.0&Prime;][et_pb_column type=\u00a0\u00bb2_3&Prime; _builder_version=\u00a0\u00bb3.25&Prime; custom_padding=\u00a0\u00bb|||\u00a0\u00bb _i=\u00a0\u00bb0&Prime; _address=\u00a0\u00bb0.0.0&Prime; custom_padding__hover=\u00a0\u00bb|||\u00a0\u00bb][et_pb_text _builder_version=\u00a0\u00bb3.27.4&Prime; text_orientation=\u00a0\u00bbcenter\u00a0\u00bb custom_margin=\u00a0\u00bb||1px|||\u00a0\u00bb text_text_align=\u00a0\u00bbcenter\u00a0\u00bb _i=\u00a0\u00bb0&Prime; _address=\u00a0\u00bb0.0.0.0&Prime;] La recherche Le chemin vers un nouveau m\u00e9dicament est long [\/et_pb_text][et_pb_image src=\u00a0\u00bbhttps:\/\/progena.ch\/wp-content\/uploads\/2019\/09\/forschung.png\u00a0\u00bb align=\u00a0\u00bbcenter\u00a0\u00bb _builder_version=\u00a0\u00bb3.27.4&Prime; min_height=\u00a0\u00bb324px\u00a0\u00bb custom_margin=\u00a0\u00bb||57px|||\u00a0\u00bb _i=\u00a0\u00bb1&Prime; _address=\u00a0\u00bb0.0.0.1&Prime;][\/et_pb_image][et_pb_text _builder_version=\u00a0\u00bb3.27.4&Prime; _i=\u00a0\u00bb2&Prime; _address=\u00a0\u00bb0.0.0.2&Prime;] Avec l&rsquo;aimable autorisation du [&hellip;]","og_url":"https:\/\/progena.ch\/fr\/recherche\/","og_site_name":"Progena","article_modified_time":"2022-01-16T19:13:56+00:00","twitter_card":"summary_large_image","twitter_misc":{"Dur\u00e9e de lecture estim\u00e9e":"2 minutes"},"schema":{"@context":"https:\/\/schema.org","@graph":[{"@type":"WebPage","@id":"https:\/\/progena.ch\/fr\/recherche\/","url":"https:\/\/progena.ch\/fr\/recherche\/","name":"Recherche - Progena","isPartOf":{"@id":"https:\/\/progena.ch\/#website"},"datePublished":"2019-09-16T21:08:58+00:00","dateModified":"2022-01-16T19:13:56+00:00","breadcrumb":{"@id":"https:\/\/progena.ch\/fr\/recherche\/#breadcrumb"},"inLanguage":"fr-FR","potentialAction":[{"@type":"ReadAction","target":["https:\/\/progena.ch\/fr\/recherche\/"]}]},{"@type":"BreadcrumbList","@id":"https:\/\/progena.ch\/fr\/recherche\/#breadcrumb","itemListElement":[{"@type":"ListItem","position":1,"name":"Accueil","item":"https:\/\/progena.ch\/fr\/"},{"@type":"ListItem","position":2,"name":"Recherche"}]},{"@type":"WebSite","@id":"https:\/\/progena.ch\/#website","url":"https:\/\/progena.ch\/","name":"Progena","description":"Swiss Duchenne Foundation","potentialAction":[{"@type":"SearchAction","target":{"@type":"EntryPoint","urlTemplate":"https:\/\/progena.ch\/?s={search_term_string}"},"query-input":{"@type":"PropertyValueSpecification","valueRequired":true,"valueName":"search_term_string"}}],"inLanguage":"fr-FR"}]}},"_links":{"self":[{"href":"https:\/\/progena.ch\/fr\/wp-json\/wp\/v2\/pages\/29837","targetHints":{"allow":["GET"]}}],"collection":[{"href":"https:\/\/progena.ch\/fr\/wp-json\/wp\/v2\/pages"}],"about":[{"href":"https:\/\/progena.ch\/fr\/wp-json\/wp\/v2\/types\/page"}],"author":[{"embeddable":true,"href":"https:\/\/progena.ch\/fr\/wp-json\/wp\/v2\/users\/3"}],"replies":[{"embeddable":true,"href":"https:\/\/progena.ch\/fr\/wp-json\/wp\/v2\/comments?post=29837"}],"version-history":[{"count":6,"href":"https:\/\/progena.ch\/fr\/wp-json\/wp\/v2\/pages\/29837\/revisions"}],"predecessor-version":[{"id":30950,"href":"https:\/\/progena.ch\/fr\/wp-json\/wp\/v2\/pages\/29837\/revisions\/30950"}],"wp:attachment":[{"href":"https:\/\/progena.ch\/fr\/wp-json\/wp\/v2\/media?parent=29837"}],"curies":[{"name":"wp","href":"https:\/\/api.w.org\/{rel}","templated":true}]}}